{"id":68426,"date":"2016-03-21T18:45:19","date_gmt":"2016-03-21T18:45:19","guid":{"rendered":"http:\/\/www.martech.qc.ca\/index.php\/produit\/t-d-210-2-d\/"},"modified":"2016-03-21T18:46:13","modified_gmt":"2016-03-21T18:46:13","slug":"t-d-210-2-d","status":"publish","type":"product","link":"https:\/\/www.martech.qc.ca\/index\/produit\/t-d-210-2-d\/","title":{"rendered":"T-D-210-2-D"},"content":{"rendered":"<div class=\"desc_libelle\">\n<p>Les panneaux \u00abChauss\u00e9e r\u00e9tr\u00e9cie\u00bb (T-D-210) indiquent qu\u2019il y a r\u00e9duction de la largeur de la chauss\u00e9e mais qu\u2019il n\u2019y a pas de r\u00e9duction du nombre de voies de circulation.<\/p>\n<\/div>\n","protected":false},"excerpt":{"rendered":"<div class=\"desc_libelle\">\n<p>Les panneaux \u00abChauss\u00e9e r\u00e9tr\u00e9cie\u00bb (T-D-210) indiquent qu\u2019il y a r\u00e9duction de la largeur de la chauss\u00e9e mais qu\u2019il n\u2019y a pas de r\u00e9duction du nombre de voies de circulation.<\/p>\n<\/div>\n","protected":false},"featured_media":68427,"comment_status":"closed","ping_status":"closed","template":"","meta":{"_acf_changed":false},"product_cat":[45],"product_tag":[],"acf":[],"_links":{"self":[{"href":"https:\/\/www.martech.qc.ca\/index\/wp-json\/wp\/v2\/product\/68426"}],"collection":[{"href":"https:\/\/www.martech.qc.ca\/index\/wp-json\/wp\/v2\/product"}],"about":[{"href":"https:\/\/www.martech.qc.ca\/index\/wp-json\/wp\/v2\/types\/product"}],"replies":[{"embeddable":true,"href":"https:\/\/www.martech.qc.ca\/index\/wp-json\/wp\/v2\/comments?post=68426"}],"wp:featuredmedia":[{"embeddable":true,"href":"https:\/\/www.martech.qc.ca\/index\/wp-json\/wp\/v2\/media\/68427"}],"wp:attachment":[{"href":"https:\/\/www.martech.qc.ca\/index\/wp-json\/wp\/v2\/media?parent=68426"}],"wp:term":[{"taxonomy":"product_cat","embeddable":true,"href":"https:\/\/www.martech.qc.ca\/index\/wp-json\/wp\/v2\/product_cat?post=68426"},{"taxonomy":"product_tag","embeddable":true,"href":"https:\/\/www.martech.qc.ca\/index\/wp-json\/wp\/v2\/product_tag?post=68426"}],"curies":[{"name":"wp","href":"https:\/\/api.w.org\/{rel}","templated":true}]}}