{"id":68422,"date":"2016-03-21T18:20:28","date_gmt":"2016-03-21T18:20:28","guid":{"rendered":"http:\/\/www.martech.qc.ca\/index.php\/produit\/t-d-210-1\/"},"modified":"2016-03-21T18:22:19","modified_gmt":"2016-03-21T18:22:19","slug":"t-d-210-1","status":"publish","type":"product","link":"https:\/\/www.martech.qc.ca\/index\/produit\/t-d-210-1\/","title":{"rendered":"T-D-210-1"},"content":{"rendered":"<div class=\"desc_libelle\">\n<p>Les panneaux \u00abVirages\u00bb (D-110) indiquent la proximit\u00e9 d\u2019une ou de plusieurs courbes sur un chemin public. Le panneau de virage appropri\u00e9 ainsi que la signalisation \u00e0 installer dans les courbes doivent \u00eatre choisis conform\u00e9ment au Tome V.<\/p>\n<\/div>\n","protected":false},"excerpt":{"rendered":"<div class=\"desc_libelle\">\n<p>Les panneaux \u00abChauss\u00e9e r\u00e9tr\u00e9cie\u00bb (D-210) indiquent qu\u2019il y a r\u00e9duction de la largeur de la chauss\u00e9e mais qu\u2019il n\u2019y a pas de r\u00e9duction du nombre de voies de circulation.<\/p>\n<\/div>\n","protected":false},"featured_media":68423,"comment_status":"closed","ping_status":"closed","template":"","meta":{"_acf_changed":false},"product_cat":[45],"product_tag":[],"acf":[],"_links":{"self":[{"href":"https:\/\/www.martech.qc.ca\/index\/wp-json\/wp\/v2\/product\/68422"}],"collection":[{"href":"https:\/\/www.martech.qc.ca\/index\/wp-json\/wp\/v2\/product"}],"about":[{"href":"https:\/\/www.martech.qc.ca\/index\/wp-json\/wp\/v2\/types\/product"}],"replies":[{"embeddable":true,"href":"https:\/\/www.martech.qc.ca\/index\/wp-json\/wp\/v2\/comments?post=68422"}],"wp:featuredmedia":[{"embeddable":true,"href":"https:\/\/www.martech.qc.ca\/index\/wp-json\/wp\/v2\/media\/68423"}],"wp:attachment":[{"href":"https:\/\/www.martech.qc.ca\/index\/wp-json\/wp\/v2\/media?parent=68422"}],"wp:term":[{"taxonomy":"product_cat","embeddable":true,"href":"https:\/\/www.martech.qc.ca\/index\/wp-json\/wp\/v2\/product_cat?post=68422"},{"taxonomy":"product_tag","embeddable":true,"href":"https:\/\/www.martech.qc.ca\/index\/wp-json\/wp\/v2\/product_tag?post=68422"}],"curies":[{"name":"wp","href":"https:\/\/api.w.org\/{rel}","templated":true}]}}