{"id":68406,"date":"2016-03-21T14:04:12","date_gmt":"2016-03-21T14:04:12","guid":{"rendered":"http:\/\/www.martech.qc.ca\/index.php\/produit\/t-d-100-2-p-1\/"},"modified":"2016-03-21T14:20:03","modified_gmt":"2016-03-21T14:20:03","slug":"t-d-100-2-p-1","status":"publish","type":"product","link":"https:\/\/www.martech.qc.ca\/index\/produit\/t-d-100-2-p-1\/","title":{"rendered":"T-D-100-2-P-1"},"content":{"rendered":"<div class=\"desc_libelle\">\n<p>Les panneaux \u00abSignal avanc\u00e9 de direction des voies\u00bb (D-100) indiquent, \u00e0 l\u2019avance, la voie dans laquelle l&rsquo;usager de la route doit se ranger pour effectuer une manoeuvre \u00e0 une intersection. Les panneaux D-100-2 et D-100-11, accompagn\u00e9s des panonceaux appropri\u00e9s D-100-2-P, et D-100-11-P, doivent \u00eatre utilis\u00e9s lorsqu\u2019il y a plus de 3 voies.<\/p>\n<\/div>\n","protected":false},"excerpt":{"rendered":"<div class=\"desc_libelle\">\n<p>Les panneaux \u00abSignal avanc\u00e9 de direction des voies\u00bb (D-100) indiquent, \u00e0 l\u2019avance, la voie dans laquelle l&rsquo;usager de la route doit se ranger pour effectuer une manoeuvre \u00e0 une intersection. Les panneaux D-100-2 et D-100-11, accompagn\u00e9s des panonceaux appropri\u00e9s D-100-2-P, et D-100-11-P, doivent \u00eatre utilis\u00e9s lorsqu\u2019il y a plus de 3 voies.<\/p>\n<\/div>\n","protected":false},"featured_media":68407,"comment_status":"closed","ping_status":"closed","template":"","meta":{"_acf_changed":false},"product_cat":[45],"product_tag":[],"acf":[],"_links":{"self":[{"href":"https:\/\/www.martech.qc.ca\/index\/wp-json\/wp\/v2\/product\/68406"}],"collection":[{"href":"https:\/\/www.martech.qc.ca\/index\/wp-json\/wp\/v2\/product"}],"about":[{"href":"https:\/\/www.martech.qc.ca\/index\/wp-json\/wp\/v2\/types\/product"}],"replies":[{"embeddable":true,"href":"https:\/\/www.martech.qc.ca\/index\/wp-json\/wp\/v2\/comments?post=68406"}],"wp:featuredmedia":[{"embeddable":true,"href":"https:\/\/www.martech.qc.ca\/index\/wp-json\/wp\/v2\/media\/68407"}],"wp:attachment":[{"href":"https:\/\/www.martech.qc.ca\/index\/wp-json\/wp\/v2\/media?parent=68406"}],"wp:term":[{"taxonomy":"product_cat","embeddable":true,"href":"https:\/\/www.martech.qc.ca\/index\/wp-json\/wp\/v2\/product_cat?post=68406"},{"taxonomy":"product_tag","embeddable":true,"href":"https:\/\/www.martech.qc.ca\/index\/wp-json\/wp\/v2\/product_tag?post=68406"}],"curies":[{"name":"wp","href":"https:\/\/api.w.org\/{rel}","templated":true}]}}