{"id":68398,"date":"2016-03-21T13:49:11","date_gmt":"2016-03-21T13:49:11","guid":{"rendered":"http:\/\/www.martech.qc.ca\/index.php\/produit\/t-d-90-3\/"},"modified":"2016-03-21T14:00:22","modified_gmt":"2016-03-21T14:00:22","slug":"t-d-90-3","status":"publish","type":"product","link":"https:\/\/www.martech.qc.ca\/index\/produit\/t-d-90-3\/","title":{"rendered":"T-D-90-3"},"content":{"rendered":"<div class=\"desc_libelle\">\n<p>Les panneaux \u00abChauss\u00e9es s\u00e9par\u00e9es\u00bb (T-D-90) indiquent l\u2019approche du d\u00e9but ou de la fin d\u2019une chauss\u00e9e s\u00e9par\u00e9e ou d&rsquo;un \u00eelot ralentisseur.<\/p>\n<\/div>\n","protected":false},"excerpt":{"rendered":"<div class=\"desc_libelle\">\n<p>Les panneaux \u00abChauss\u00e9es s\u00e9par\u00e9es\u00bb (T-D-90) indiquent l\u2019approche du d\u00e9but ou de la fin d\u2019une chauss\u00e9e s\u00e9par\u00e9e ou d&rsquo;un \u00eelot ralentisseur.<\/p>\n<\/div>\n","protected":false},"featured_media":68399,"comment_status":"closed","ping_status":"closed","template":"","meta":{"_acf_changed":false},"product_cat":[45],"product_tag":[],"acf":[],"_links":{"self":[{"href":"https:\/\/www.martech.qc.ca\/index\/wp-json\/wp\/v2\/product\/68398"}],"collection":[{"href":"https:\/\/www.martech.qc.ca\/index\/wp-json\/wp\/v2\/product"}],"about":[{"href":"https:\/\/www.martech.qc.ca\/index\/wp-json\/wp\/v2\/types\/product"}],"replies":[{"embeddable":true,"href":"https:\/\/www.martech.qc.ca\/index\/wp-json\/wp\/v2\/comments?post=68398"}],"wp:featuredmedia":[{"embeddable":true,"href":"https:\/\/www.martech.qc.ca\/index\/wp-json\/wp\/v2\/media\/68399"}],"wp:attachment":[{"href":"https:\/\/www.martech.qc.ca\/index\/wp-json\/wp\/v2\/media?parent=68398"}],"wp:term":[{"taxonomy":"product_cat","embeddable":true,"href":"https:\/\/www.martech.qc.ca\/index\/wp-json\/wp\/v2\/product_cat?post=68398"},{"taxonomy":"product_tag","embeddable":true,"href":"https:\/\/www.martech.qc.ca\/index\/wp-json\/wp\/v2\/product_tag?post=68398"}],"curies":[{"name":"wp","href":"https:\/\/api.w.org\/{rel}","templated":true}]}}