{"id":68394,"date":"2016-03-21T13:37:31","date_gmt":"2016-03-21T13:37:31","guid":{"rendered":"http:\/\/www.martech.qc.ca\/index.php\/produit\/t-d-50-1\/"},"modified":"2016-03-21T13:39:41","modified_gmt":"2016-03-21T13:39:41","slug":"t-d-50-1","status":"publish","type":"product","link":"https:\/\/www.martech.qc.ca\/index\/produit\/t-d-50-1\/","title":{"rendered":"T-D-50-1"},"content":{"rendered":"<div class=\"desc_libelle\">\n<p>Le panneau \u00abSignal avanc\u00e9 de feux de circulation\u00bb (T-D-50-1) indique, \u00e0 l\u2019avance, la proximit\u00e9 de feux r\u00e9glant la circulation \u00e0 une intersection.<\/p>\n<\/div>\n","protected":false},"excerpt":{"rendered":"<div class=\"desc_libelle\">\n<p>Le panneau \u00abSignal avanc\u00e9 de feux de circulation\u00bb (T-D-50-1) indique, \u00e0 l\u2019avance, la proximit\u00e9 de feux r\u00e9glant la circulation \u00e0 une intersection.<\/p>\n<\/div>\n","protected":false},"featured_media":68395,"comment_status":"closed","ping_status":"closed","template":"","meta":{"_acf_changed":false},"product_cat":[45],"product_tag":[],"acf":[],"_links":{"self":[{"href":"https:\/\/www.martech.qc.ca\/index\/wp-json\/wp\/v2\/product\/68394"}],"collection":[{"href":"https:\/\/www.martech.qc.ca\/index\/wp-json\/wp\/v2\/product"}],"about":[{"href":"https:\/\/www.martech.qc.ca\/index\/wp-json\/wp\/v2\/types\/product"}],"replies":[{"embeddable":true,"href":"https:\/\/www.martech.qc.ca\/index\/wp-json\/wp\/v2\/comments?post=68394"}],"wp:featuredmedia":[{"embeddable":true,"href":"https:\/\/www.martech.qc.ca\/index\/wp-json\/wp\/v2\/media\/68395"}],"wp:attachment":[{"href":"https:\/\/www.martech.qc.ca\/index\/wp-json\/wp\/v2\/media?parent=68394"}],"wp:term":[{"taxonomy":"product_cat","embeddable":true,"href":"https:\/\/www.martech.qc.ca\/index\/wp-json\/wp\/v2\/product_cat?post=68394"},{"taxonomy":"product_tag","embeddable":true,"href":"https:\/\/www.martech.qc.ca\/index\/wp-json\/wp\/v2\/product_tag?post=68394"}],"curies":[{"name":"wp","href":"https:\/\/api.w.org\/{rel}","templated":true}]}}