{"id":68391,"date":"2016-03-21T13:33:42","date_gmt":"2016-03-21T13:33:42","guid":{"rendered":"http:\/\/www.martech.qc.ca\/index.php\/produit\/t-d-10-1-s\/"},"modified":"2016-03-21T13:35:45","modified_gmt":"2016-03-21T13:35:45","slug":"t-d-10-1-s","status":"publish","type":"product","link":"https:\/\/www.martech.qc.ca\/index\/produit\/t-d-10-1-s\/","title":{"rendered":"T-D-10-1-S"},"content":{"rendered":"<div class=\"desc_libelle\">\n<p>Le panneau \u00abSignal avanc\u00e9 d&rsquo;arr\u00eat\u00bb (T-D-10-1) indique, \u00e0 l&rsquo;avance, la proximit\u00e9 d&rsquo;un panneau \u00abArr\u00eat\u00bb ou \u00abStop\u00bb. Ce panneau doit \u00eatre install\u00e9 lorsque la distance permettant de voir le panneau \u00abArr\u00eat\u00bb est inf\u00e9rieure \u00e0 la distance de visibilit\u00e9 d&rsquo;arr\u00eat.<\/p>\n<\/div>\n","protected":false},"excerpt":{"rendered":"<div class=\"desc_libelle\">\n<p>Le panneau \u00abSignal avanc\u00e9 d&rsquo;arr\u00eat\u00bb (T-D-10-1) indique, \u00e0 l&rsquo;avance, la proximit\u00e9 d&rsquo;un panneau \u00abArr\u00eat\u00bb ou \u00abStop\u00bb. Ce panneau doit \u00eatre install\u00e9 lorsque la distance permettant de voir le panneau \u00abArr\u00eat\u00bb est inf\u00e9rieure \u00e0 la distance de visibilit\u00e9 d&rsquo;arr\u00eat.<\/p>\n<\/div>\n","protected":false},"featured_media":68390,"comment_status":"closed","ping_status":"closed","template":"","meta":{"_acf_changed":false},"product_cat":[45],"product_tag":[],"acf":[],"_links":{"self":[{"href":"https:\/\/www.martech.qc.ca\/index\/wp-json\/wp\/v2\/product\/68391"}],"collection":[{"href":"https:\/\/www.martech.qc.ca\/index\/wp-json\/wp\/v2\/product"}],"about":[{"href":"https:\/\/www.martech.qc.ca\/index\/wp-json\/wp\/v2\/types\/product"}],"replies":[{"embeddable":true,"href":"https:\/\/www.martech.qc.ca\/index\/wp-json\/wp\/v2\/comments?post=68391"}],"wp:featuredmedia":[{"embeddable":true,"href":"https:\/\/www.martech.qc.ca\/index\/wp-json\/wp\/v2\/media\/68390"}],"wp:attachment":[{"href":"https:\/\/www.martech.qc.ca\/index\/wp-json\/wp\/v2\/media?parent=68391"}],"wp:term":[{"taxonomy":"product_cat","embeddable":true,"href":"https:\/\/www.martech.qc.ca\/index\/wp-json\/wp\/v2\/product_cat?post=68391"},{"taxonomy":"product_tag","embeddable":true,"href":"https:\/\/www.martech.qc.ca\/index\/wp-json\/wp\/v2\/product_tag?post=68391"}],"curies":[{"name":"wp","href":"https:\/\/api.w.org\/{rel}","templated":true}]}}