{"id":68169,"date":"2016-03-18T14:01:39","date_gmt":"2016-03-18T14:01:39","guid":{"rendered":"http:\/\/www.martech.qc.ca\/index.php\/produit\/d-450\/"},"modified":"2016-03-18T15:18:33","modified_gmt":"2016-03-18T15:18:33","slug":"d-450","status":"publish","type":"product","link":"https:\/\/www.martech.qc.ca\/index\/produit\/d-450\/","title":{"rendered":"D-450"},"content":{"rendered":"<div class=\"desc_libelle\">\n<p>Le panneau \u00abSignal avanc\u00e9 d&rsquo;un acc\u00e8s interdit aux camions sauf pour livraison locale\u00bb (D-450) indique, \u00e0 l&rsquo;avance, la proximit\u00e9 d&rsquo;un acc\u00e8s interdit aux camions sauf pour la livraison locale.<\/p>\n<\/div>\n","protected":false},"excerpt":{"rendered":"<div class=\"desc_libelle\">\n<p>Le panneau \u00abSignal avanc\u00e9 d&rsquo;un acc\u00e8s interdit aux camions sauf pour livraison locale\u00bb (D-450) indique, \u00e0 l&rsquo;avance, la proximit\u00e9 d&rsquo;un acc\u00e8s interdit aux camions sauf pour la livraison locale.<\/p>\n<p><a href=\"http:\/\/www.martech.qc.ca\/index.php\/contact\/\" rel=\"attachment wp-att-66946\"><img loading=\"lazy\" decoding=\"async\" class=\"alignnone wp-image-66946 size-full\" src=\"http:\/\/www.martech.qc.ca\/wp-content\/uploads\/2016\/02\/CONTACT_C.jpg\" alt=\"Contactez-nous pour une soumission gratuite!\" width=\"560\" height=\"74\" srcset=\"https:\/\/www.martech.qc.ca\/index\/wp-content\/uploads\/2016\/02\/CONTACT_C.jpg 560w, https:\/\/www.martech.qc.ca\/index\/wp-content\/uploads\/2016\/02\/CONTACT_C-300x40.jpg 300w\" sizes=\"(max-width: 560px) 100vw, 560px\" \/><\/a><\/p>\n<\/div>\n","protected":false},"featured_media":68170,"comment_status":"closed","ping_status":"closed","template":"","meta":{"_acf_changed":false},"product_cat":[44],"product_tag":[],"acf":[],"_links":{"self":[{"href":"https:\/\/www.martech.qc.ca\/index\/wp-json\/wp\/v2\/product\/68169"}],"collection":[{"href":"https:\/\/www.martech.qc.ca\/index\/wp-json\/wp\/v2\/product"}],"about":[{"href":"https:\/\/www.martech.qc.ca\/index\/wp-json\/wp\/v2\/types\/product"}],"replies":[{"embeddable":true,"href":"https:\/\/www.martech.qc.ca\/index\/wp-json\/wp\/v2\/comments?post=68169"}],"wp:featuredmedia":[{"embeddable":true,"href":"https:\/\/www.martech.qc.ca\/index\/wp-json\/wp\/v2\/media\/68170"}],"wp:attachment":[{"href":"https:\/\/www.martech.qc.ca\/index\/wp-json\/wp\/v2\/media?parent=68169"}],"wp:term":[{"taxonomy":"product_cat","embeddable":true,"href":"https:\/\/www.martech.qc.ca\/index\/wp-json\/wp\/v2\/product_cat?post=68169"},{"taxonomy":"product_tag","embeddable":true,"href":"https:\/\/www.martech.qc.ca\/index\/wp-json\/wp\/v2\/product_tag?post=68169"}],"curies":[{"name":"wp","href":"https:\/\/api.w.org\/{rel}","templated":true}]}}