{"id":68153,"date":"2016-03-18T13:50:35","date_gmt":"2016-03-18T13:50:35","guid":{"rendered":"http:\/\/www.martech.qc.ca\/index.php\/produit\/d-420-1\/"},"modified":"2016-03-18T15:22:42","modified_gmt":"2016-03-18T15:22:42","slug":"d-420-1","status":"publish","type":"product","link":"https:\/\/www.martech.qc.ca\/index\/produit\/d-420-1\/","title":{"rendered":"D-420-1"},"content":{"rendered":"<div class=\"desc_libelle\">\n<p>Les panneaux \u00abVol \u00e0 basse altitude\u00bb( D-420) indiquent \u00e0 l\u2019usager de la route la possibilit\u00e9 de man\u0153uvres d\u2019a\u00e9ronefs \u00e0 basse altitude aux abords du chemin public. Cette signalisation est justifi\u00e9e lorsque des manoeuvres d\u2019a\u00e9ronefs s\u2019effectuent \u00e0 moins de 300 m du chemin public, selon la verticale ou l\u2019horizontale.<\/p>\n<\/div>\n","protected":false},"excerpt":{"rendered":"<div class=\"desc_libelle\">\n<p>Les panneaux \u00abVol \u00e0 basse altitude\u00bb( D-420) indiquent \u00e0 l\u2019usager de la route la possibilit\u00e9 de man\u0153uvres d\u2019a\u00e9ronefs \u00e0 basse altitude aux abords du chemin public. Cette signalisation est justifi\u00e9e lorsque des manoeuvres d\u2019a\u00e9ronefs s\u2019effectuent \u00e0 moins de 300 m du chemin public, selon la verticale ou l\u2019horizontale.<\/p>\n<p><a href=\"http:\/\/www.martech.qc.ca\/index.php\/contact\/\" rel=\"attachment wp-att-66946\"><img loading=\"lazy\" decoding=\"async\" class=\"alignnone wp-image-66946 size-full\" src=\"http:\/\/www.martech.qc.ca\/wp-content\/uploads\/2016\/02\/CONTACT_C.jpg\" alt=\"Contactez-nous pour une soumission gratuite!\" width=\"560\" height=\"74\" srcset=\"https:\/\/www.martech.qc.ca\/index\/wp-content\/uploads\/2016\/02\/CONTACT_C.jpg 560w, https:\/\/www.martech.qc.ca\/index\/wp-content\/uploads\/2016\/02\/CONTACT_C-300x40.jpg 300w\" sizes=\"(max-width: 560px) 100vw, 560px\" \/><\/a><\/p>\n<\/div>\n","protected":false},"featured_media":68154,"comment_status":"closed","ping_status":"closed","template":"","meta":{"_acf_changed":false},"product_cat":[44],"product_tag":[],"acf":[],"_links":{"self":[{"href":"https:\/\/www.martech.qc.ca\/index\/wp-json\/wp\/v2\/product\/68153"}],"collection":[{"href":"https:\/\/www.martech.qc.ca\/index\/wp-json\/wp\/v2\/product"}],"about":[{"href":"https:\/\/www.martech.qc.ca\/index\/wp-json\/wp\/v2\/types\/product"}],"replies":[{"embeddable":true,"href":"https:\/\/www.martech.qc.ca\/index\/wp-json\/wp\/v2\/comments?post=68153"}],"wp:featuredmedia":[{"embeddable":true,"href":"https:\/\/www.martech.qc.ca\/index\/wp-json\/wp\/v2\/media\/68154"}],"wp:attachment":[{"href":"https:\/\/www.martech.qc.ca\/index\/wp-json\/wp\/v2\/media?parent=68153"}],"wp:term":[{"taxonomy":"product_cat","embeddable":true,"href":"https:\/\/www.martech.qc.ca\/index\/wp-json\/wp\/v2\/product_cat?post=68153"},{"taxonomy":"product_tag","embeddable":true,"href":"https:\/\/www.martech.qc.ca\/index\/wp-json\/wp\/v2\/product_tag?post=68153"}],"curies":[{"name":"wp","href":"https:\/\/api.w.org\/{rel}","templated":true}]}}