{"id":68131,"date":"2016-03-18T13:32:49","date_gmt":"2016-03-18T13:32:49","guid":{"rendered":"http:\/\/www.martech.qc.ca\/index.php\/produit\/d-310-3-g\/"},"modified":"2016-03-18T15:25:06","modified_gmt":"2016-03-18T15:25:06","slug":"d-310-3-g","status":"publish","type":"product","link":"https:\/\/www.martech.qc.ca\/index\/produit\/d-310-3-g\/","title":{"rendered":"D-310-3-G"},"content":{"rendered":"<div class=\"desc_libelle\">\n<p>Les panneaux \u00abChauss\u00e9e glissante\u00bb (D-310) indiquent que la chauss\u00e9e risque d\u2019\u00eatre glissante \u00e0 certains endroits. Le panneau D-310-3 doit \u00eatre install\u00e9 aux abords d\u2019une chauss\u00e9e qui, situ\u00e9e en bordure d\u2019un cours d\u2019eau, peut \u00eatre rendue glissante lorsque mouill\u00e9e par les embruns.<\/p>\n<\/div>\n","protected":false},"excerpt":{"rendered":"<div class=\"desc_libelle\">\n<p>Les panneaux \u00abChauss\u00e9e glissante\u00bb (D-310) indiquent que la chauss\u00e9e risque d\u2019\u00eatre glissante \u00e0 certains endroits. Le panneau D-310-3 doit \u00eatre install\u00e9 aux abords d\u2019une chauss\u00e9e qui, situ\u00e9e en bordure d\u2019un cours d\u2019eau, peut \u00eatre rendue glissante lorsque mouill\u00e9e par les embruns.<\/p>\n<p><a href=\"http:\/\/www.martech.qc.ca\/index.php\/contact\/\" rel=\"attachment wp-att-66946\"><img loading=\"lazy\" decoding=\"async\" class=\"alignnone wp-image-66946 size-full\" src=\"http:\/\/www.martech.qc.ca\/wp-content\/uploads\/2016\/02\/CONTACT_C.jpg\" alt=\"Contactez-nous pour une soumission gratuite!\" width=\"560\" height=\"74\" srcset=\"https:\/\/www.martech.qc.ca\/index\/wp-content\/uploads\/2016\/02\/CONTACT_C.jpg 560w, https:\/\/www.martech.qc.ca\/index\/wp-content\/uploads\/2016\/02\/CONTACT_C-300x40.jpg 300w\" sizes=\"(max-width: 560px) 100vw, 560px\" \/><\/a><\/p>\n<\/div>\n","protected":false},"featured_media":68132,"comment_status":"closed","ping_status":"closed","template":"","meta":{"_acf_changed":false},"product_cat":[44],"product_tag":[],"acf":[],"_links":{"self":[{"href":"https:\/\/www.martech.qc.ca\/index\/wp-json\/wp\/v2\/product\/68131"}],"collection":[{"href":"https:\/\/www.martech.qc.ca\/index\/wp-json\/wp\/v2\/product"}],"about":[{"href":"https:\/\/www.martech.qc.ca\/index\/wp-json\/wp\/v2\/types\/product"}],"replies":[{"embeddable":true,"href":"https:\/\/www.martech.qc.ca\/index\/wp-json\/wp\/v2\/comments?post=68131"}],"wp:featuredmedia":[{"embeddable":true,"href":"https:\/\/www.martech.qc.ca\/index\/wp-json\/wp\/v2\/media\/68132"}],"wp:attachment":[{"href":"https:\/\/www.martech.qc.ca\/index\/wp-json\/wp\/v2\/media?parent=68131"}],"wp:term":[{"taxonomy":"product_cat","embeddable":true,"href":"https:\/\/www.martech.qc.ca\/index\/wp-json\/wp\/v2\/product_cat?post=68131"},{"taxonomy":"product_tag","embeddable":true,"href":"https:\/\/www.martech.qc.ca\/index\/wp-json\/wp\/v2\/product_tag?post=68131"}],"curies":[{"name":"wp","href":"https:\/\/api.w.org\/{rel}","templated":true}]}}