{"id":68128,"date":"2016-03-18T13:31:31","date_gmt":"2016-03-18T13:31:31","guid":{"rendered":"http:\/\/www.martech.qc.ca\/index.php\/produit\/d-310-2\/"},"modified":"2016-03-18T15:25:16","modified_gmt":"2016-03-18T15:25:16","slug":"d-310-2","status":"publish","type":"product","link":"https:\/\/www.martech.qc.ca\/index\/produit\/d-310-2\/","title":{"rendered":"D-310-2"},"content":{"rendered":"<div class=\"desc_libelle\">\n<p>Les panneaux \u00ab Chauss\u00e9e glissante \u00bb (D-310) indiquent que la chauss\u00e9e risque d\u2019\u00eatre glissante \u00e0 certains endroits. Le panneau D-310-2 doit \u00eatre install\u00e9 lorsque la chauss\u00e9e risque d\u2019\u00eatre glissante, sp\u00e9cialement pour les motocyclistes.<\/p>\n<\/div>\n","protected":false},"excerpt":{"rendered":"<div class=\"desc_libelle\">\n<p>Les panneaux \u00ab Chauss\u00e9e glissante \u00bb (D-310) indiquent que la chauss\u00e9e risque d\u2019\u00eatre glissante \u00e0 certains endroits. Le panneau D-310-2 doit \u00eatre install\u00e9 lorsque la chauss\u00e9e risque d\u2019\u00eatre glissante, sp\u00e9cialement pour les motocyclistes.<\/p>\n<p><a href=\"http:\/\/www.martech.qc.ca\/index.php\/contact\/\" rel=\"attachment wp-att-66946\"><img loading=\"lazy\" decoding=\"async\" class=\"alignnone wp-image-66946 size-full\" src=\"http:\/\/www.martech.qc.ca\/wp-content\/uploads\/2016\/02\/CONTACT_C.jpg\" alt=\"Contactez-nous pour une soumission gratuite!\" width=\"560\" height=\"74\" srcset=\"https:\/\/www.martech.qc.ca\/index\/wp-content\/uploads\/2016\/02\/CONTACT_C.jpg 560w, https:\/\/www.martech.qc.ca\/index\/wp-content\/uploads\/2016\/02\/CONTACT_C-300x40.jpg 300w\" sizes=\"(max-width: 560px) 100vw, 560px\" \/><\/a><\/p>\n<\/div>\n","protected":false},"featured_media":68130,"comment_status":"closed","ping_status":"closed","template":"","meta":{"_acf_changed":false},"product_cat":[44],"product_tag":[],"acf":[],"_links":{"self":[{"href":"https:\/\/www.martech.qc.ca\/index\/wp-json\/wp\/v2\/product\/68128"}],"collection":[{"href":"https:\/\/www.martech.qc.ca\/index\/wp-json\/wp\/v2\/product"}],"about":[{"href":"https:\/\/www.martech.qc.ca\/index\/wp-json\/wp\/v2\/types\/product"}],"replies":[{"embeddable":true,"href":"https:\/\/www.martech.qc.ca\/index\/wp-json\/wp\/v2\/comments?post=68128"}],"wp:featuredmedia":[{"embeddable":true,"href":"https:\/\/www.martech.qc.ca\/index\/wp-json\/wp\/v2\/media\/68130"}],"wp:attachment":[{"href":"https:\/\/www.martech.qc.ca\/index\/wp-json\/wp\/v2\/media?parent=68128"}],"wp:term":[{"taxonomy":"product_cat","embeddable":true,"href":"https:\/\/www.martech.qc.ca\/index\/wp-json\/wp\/v2\/product_cat?post=68128"},{"taxonomy":"product_tag","embeddable":true,"href":"https:\/\/www.martech.qc.ca\/index\/wp-json\/wp\/v2\/product_tag?post=68128"}],"curies":[{"name":"wp","href":"https:\/\/api.w.org\/{rel}","templated":true}]}}