{"id":68112,"date":"2016-03-18T13:17:55","date_gmt":"2016-03-18T13:17:55","guid":{"rendered":"http:\/\/www.martech.qc.ca\/index.php\/produit\/d-290\/"},"modified":"2016-03-18T15:26:43","modified_gmt":"2016-03-18T15:26:43","slug":"d-290","status":"publish","type":"product","link":"https:\/\/www.martech.qc.ca\/index\/produit\/d-290\/","title":{"rendered":"D-290"},"content":{"rendered":"<div class=\"desc_libelle\">\n<p>Les panneaux \u00abBalises de danger \u00bb (D-290) indiquent la pr\u00e9sence d\u2019obstacles sur la chauss\u00e9e ou sur les accotements, ainsi que les r\u00e9tr\u00e9cissements d\u2019un chemin public.Des balises D-290 doivent \u00eatre install\u00e9es aux endroits o\u00f9 il est possible de passer \u00e0 gauche ou \u00e0 droite des obstacles. Les balises D-290-G et D-290-D indiquent la possibilit\u00e9 de contourner un obstacle respectivement par la gauche ou par la droite.<\/p>\n<\/div>\n","protected":false},"excerpt":{"rendered":"<div class=\"desc_libelle\">\n<p>Les panneaux \u00abBalises de danger \u00bb (D-290) indiquent la pr\u00e9sence d\u2019obstacles sur la chauss\u00e9e ou sur les accotements, ainsi que les r\u00e9tr\u00e9cissements d\u2019un chemin public.Des balises D-290 doivent \u00eatre install\u00e9es aux endroits o\u00f9 il est possible de passer \u00e0 gauche ou \u00e0 droite des obstacles. Les balises D-290-G et D-290-D indiquent la possibilit\u00e9 de contourner un obstacle respectivement par la gauche ou par la droite.<\/p>\n<p><a href=\"http:\/\/www.martech.qc.ca\/index.php\/contact\/\" rel=\"attachment wp-att-66946\"><img loading=\"lazy\" decoding=\"async\" class=\"alignnone wp-image-66946 size-full\" src=\"http:\/\/www.martech.qc.ca\/wp-content\/uploads\/2016\/02\/CONTACT_C.jpg\" alt=\"Contactez-nous pour une soumission gratuite!\" width=\"560\" height=\"74\" srcset=\"https:\/\/www.martech.qc.ca\/index\/wp-content\/uploads\/2016\/02\/CONTACT_C.jpg 560w, https:\/\/www.martech.qc.ca\/index\/wp-content\/uploads\/2016\/02\/CONTACT_C-300x40.jpg 300w\" sizes=\"(max-width: 560px) 100vw, 560px\" \/><\/a><\/p>\n<\/div>\n","protected":false},"featured_media":68113,"comment_status":"closed","ping_status":"closed","template":"","meta":{"_acf_changed":false},"product_cat":[44],"product_tag":[],"acf":[],"_links":{"self":[{"href":"https:\/\/www.martech.qc.ca\/index\/wp-json\/wp\/v2\/product\/68112"}],"collection":[{"href":"https:\/\/www.martech.qc.ca\/index\/wp-json\/wp\/v2\/product"}],"about":[{"href":"https:\/\/www.martech.qc.ca\/index\/wp-json\/wp\/v2\/types\/product"}],"replies":[{"embeddable":true,"href":"https:\/\/www.martech.qc.ca\/index\/wp-json\/wp\/v2\/comments?post=68112"}],"wp:featuredmedia":[{"embeddable":true,"href":"https:\/\/www.martech.qc.ca\/index\/wp-json\/wp\/v2\/media\/68113"}],"wp:attachment":[{"href":"https:\/\/www.martech.qc.ca\/index\/wp-json\/wp\/v2\/media?parent=68112"}],"wp:term":[{"taxonomy":"product_cat","embeddable":true,"href":"https:\/\/www.martech.qc.ca\/index\/wp-json\/wp\/v2\/product_cat?post=68112"},{"taxonomy":"product_tag","embeddable":true,"href":"https:\/\/www.martech.qc.ca\/index\/wp-json\/wp\/v2\/product_tag?post=68112"}],"curies":[{"name":"wp","href":"https:\/\/api.w.org\/{rel}","templated":true}]}}