{"id":68097,"date":"2016-03-18T13:06:12","date_gmt":"2016-03-18T13:06:12","guid":{"rendered":"http:\/\/www.martech.qc.ca\/index.php\/produit\/d-270-14\/"},"modified":"2016-03-18T15:27:53","modified_gmt":"2016-03-18T15:27:53","slug":"d-270-15","status":"publish","type":"product","link":"https:\/\/www.martech.qc.ca\/index\/produit\/d-270-15\/","title":{"rendered":"D-270-14"},"content":{"rendered":"<div class=\"desc_libelle\">\n<p>Les panneaux \u00abPr\u00e9sence potentielle d&rsquo;animaux sauvages\u00bb (D-270-13 \u00e0 D-270-15) indiquent la pr\u00e9sence potentielle d&rsquo;animaux sauvages tels que chevreuils, orignaux et caribous sur le chemin public ou \u00e0 ses abords<\/p>\n<\/div>\n","protected":false},"excerpt":{"rendered":"<div class=\"desc_libelle\">\n<p>Les panneaux \u00abPr\u00e9sence potentielle d&rsquo;animaux sauvages\u00bb (D-270-13 \u00e0 D-270-15) indiquent la pr\u00e9sence potentielle d&rsquo;animaux sauvages tels que chevreuils, orignaux et caribous sur le chemin public ou \u00e0 ses abords.<\/p>\n<p><a href=\"http:\/\/www.martech.qc.ca\/index.php\/contact\/\" rel=\"attachment wp-att-66946\"><img loading=\"lazy\" decoding=\"async\" class=\"alignnone wp-image-66946 size-full\" src=\"http:\/\/www.martech.qc.ca\/wp-content\/uploads\/2016\/02\/CONTACT_C.jpg\" alt=\"Contactez-nous pour une soumission gratuite!\" width=\"560\" height=\"74\" srcset=\"https:\/\/www.martech.qc.ca\/index\/wp-content\/uploads\/2016\/02\/CONTACT_C.jpg 560w, https:\/\/www.martech.qc.ca\/index\/wp-content\/uploads\/2016\/02\/CONTACT_C-300x40.jpg 300w\" sizes=\"(max-width: 560px) 100vw, 560px\" \/><\/a><\/p>\n<\/div>\n","protected":false},"featured_media":68098,"comment_status":"closed","ping_status":"closed","template":"","meta":{"_acf_changed":false},"product_cat":[44],"product_tag":[],"acf":[],"_links":{"self":[{"href":"https:\/\/www.martech.qc.ca\/index\/wp-json\/wp\/v2\/product\/68097"}],"collection":[{"href":"https:\/\/www.martech.qc.ca\/index\/wp-json\/wp\/v2\/product"}],"about":[{"href":"https:\/\/www.martech.qc.ca\/index\/wp-json\/wp\/v2\/types\/product"}],"replies":[{"embeddable":true,"href":"https:\/\/www.martech.qc.ca\/index\/wp-json\/wp\/v2\/comments?post=68097"}],"wp:featuredmedia":[{"embeddable":true,"href":"https:\/\/www.martech.qc.ca\/index\/wp-json\/wp\/v2\/media\/68098"}],"wp:attachment":[{"href":"https:\/\/www.martech.qc.ca\/index\/wp-json\/wp\/v2\/media?parent=68097"}],"wp:term":[{"taxonomy":"product_cat","embeddable":true,"href":"https:\/\/www.martech.qc.ca\/index\/wp-json\/wp\/v2\/product_cat?post=68097"},{"taxonomy":"product_tag","embeddable":true,"href":"https:\/\/www.martech.qc.ca\/index\/wp-json\/wp\/v2\/product_tag?post=68097"}],"curies":[{"name":"wp","href":"https:\/\/api.w.org\/{rel}","templated":true}]}}