{"id":68055,"date":"2016-03-17T19:05:17","date_gmt":"2016-03-17T19:05:17","guid":{"rendered":"http:\/\/www.martech.qc.ca\/index.php\/produit\/d-270-2-g\/"},"modified":"2016-03-18T15:32:10","modified_gmt":"2016-03-18T15:32:10","slug":"d-270-2-g","status":"publish","type":"product","link":"https:\/\/www.martech.qc.ca\/index\/produit\/d-270-2-g\/","title":{"rendered":"D-270-2-G"},"content":{"rendered":"<div class=\"desc_libelle\">\n<p>Le panneau \u00ab Signal avanc\u00e9 de passage pour pi\u00e9tons \u00bb (D-270-2) indique \u00e0 l&rsquo;avance la pr\u00e9sence d&rsquo;un passage pour pi\u00e9tons. Ce panneau doit toujours pr\u00e9c\u00e9der le panneau de prescription P-270-2.<\/p>\n<\/div>\n","protected":false},"excerpt":{"rendered":"<div class=\"desc_libelle\">\n<p>Le panneau \u00ab Signal avanc\u00e9 de passage pour pi\u00e9tons \u00bb (D-270-2) indique \u00e0 l&rsquo;avance la pr\u00e9sence d&rsquo;un passage pour pi\u00e9tons. Ce panneau doit toujours pr\u00e9c\u00e9der le panneau de prescription P-270-2.<\/p>\n<p><a href=\"http:\/\/www.martech.qc.ca\/index.php\/contact\/\" rel=\"attachment wp-att-66946\"><img loading=\"lazy\" decoding=\"async\" class=\"alignnone wp-image-66946 size-full\" src=\"http:\/\/www.martech.qc.ca\/wp-content\/uploads\/2016\/02\/CONTACT_C.jpg\" alt=\"Contactez-nous pour une soumission gratuite!\" width=\"560\" height=\"74\" srcset=\"https:\/\/www.martech.qc.ca\/index\/wp-content\/uploads\/2016\/02\/CONTACT_C.jpg 560w, https:\/\/www.martech.qc.ca\/index\/wp-content\/uploads\/2016\/02\/CONTACT_C-300x40.jpg 300w\" sizes=\"(max-width: 560px) 100vw, 560px\" \/><\/a><\/p>\n<\/div>\n","protected":false},"featured_media":68059,"comment_status":"closed","ping_status":"closed","template":"","meta":{"_acf_changed":false},"product_cat":[44],"product_tag":[],"acf":[],"_links":{"self":[{"href":"https:\/\/www.martech.qc.ca\/index\/wp-json\/wp\/v2\/product\/68055"}],"collection":[{"href":"https:\/\/www.martech.qc.ca\/index\/wp-json\/wp\/v2\/product"}],"about":[{"href":"https:\/\/www.martech.qc.ca\/index\/wp-json\/wp\/v2\/types\/product"}],"replies":[{"embeddable":true,"href":"https:\/\/www.martech.qc.ca\/index\/wp-json\/wp\/v2\/comments?post=68055"}],"wp:featuredmedia":[{"embeddable":true,"href":"https:\/\/www.martech.qc.ca\/index\/wp-json\/wp\/v2\/media\/68059"}],"wp:attachment":[{"href":"https:\/\/www.martech.qc.ca\/index\/wp-json\/wp\/v2\/media?parent=68055"}],"wp:term":[{"taxonomy":"product_cat","embeddable":true,"href":"https:\/\/www.martech.qc.ca\/index\/wp-json\/wp\/v2\/product_cat?post=68055"},{"taxonomy":"product_tag","embeddable":true,"href":"https:\/\/www.martech.qc.ca\/index\/wp-json\/wp\/v2\/product_tag?post=68055"}],"curies":[{"name":"wp","href":"https:\/\/api.w.org\/{rel}","templated":true}]}}