{"id":68040,"date":"2016-03-17T17:42:11","date_gmt":"2016-03-17T17:42:11","guid":{"rendered":"http:\/\/www.martech.qc.ca\/index.php\/produit\/d-250-p-3\/"},"modified":"2016-03-18T15:33:22","modified_gmt":"2016-03-18T15:33:22","slug":"d-250-p-3","status":"publish","type":"product","link":"https:\/\/www.martech.qc.ca\/index\/produit\/d-250-p-3\/","title":{"rendered":"D-250-P-3"},"content":{"rendered":"<div class=\"desc_libelle\">\n<p>Les panonceaux d&rsquo;\u00e9tendue de danger (D-250-P)indiquent le d\u00e9but d&rsquo;une zone o\u00f9 il y a un danger potentiel ainsi que la distance sur laquelle elle s&rsquo;\u00e9tend. Les panonceaux d&rsquo;\u00e9tendu doivent \u00eatre install\u00e9s sous les panneaux de danger qu&rsquo;ils compl\u00e8tent.<\/p>\n<\/div>\n","protected":false},"excerpt":{"rendered":"<div class=\"desc_libelle\">\n<p>Les panonceaux d&rsquo;\u00e9tendue de danger (D-250-P) indiquent le d\u00e9but d&rsquo;une zone o\u00f9 il y a un danger potentiel ainsi que la distance sur laquelle elle s&rsquo;\u00e9tend. Les panonceaux d&rsquo;\u00e9tendu doivent \u00eatre install\u00e9s sous les panneaux de danger qu&rsquo;ils compl\u00e8tent.<\/p>\n<p><a href=\"http:\/\/www.martech.qc.ca\/index.php\/contact\/\" rel=\"attachment wp-att-66946\"><img loading=\"lazy\" decoding=\"async\" class=\"alignnone wp-image-66946 size-full\" src=\"http:\/\/www.martech.qc.ca\/wp-content\/uploads\/2016\/02\/CONTACT_C.jpg\" alt=\"Contactez-nous pour une soumission gratuite!\" width=\"560\" height=\"74\" srcset=\"https:\/\/www.martech.qc.ca\/index\/wp-content\/uploads\/2016\/02\/CONTACT_C.jpg 560w, https:\/\/www.martech.qc.ca\/index\/wp-content\/uploads\/2016\/02\/CONTACT_C-300x40.jpg 300w\" sizes=\"(max-width: 560px) 100vw, 560px\" \/><\/a><\/p>\n<\/div>\n","protected":false},"featured_media":68042,"comment_status":"closed","ping_status":"closed","template":"","meta":{"_acf_changed":false},"product_cat":[44],"product_tag":[],"acf":[],"_links":{"self":[{"href":"https:\/\/www.martech.qc.ca\/index\/wp-json\/wp\/v2\/product\/68040"}],"collection":[{"href":"https:\/\/www.martech.qc.ca\/index\/wp-json\/wp\/v2\/product"}],"about":[{"href":"https:\/\/www.martech.qc.ca\/index\/wp-json\/wp\/v2\/types\/product"}],"replies":[{"embeddable":true,"href":"https:\/\/www.martech.qc.ca\/index\/wp-json\/wp\/v2\/comments?post=68040"}],"wp:featuredmedia":[{"embeddable":true,"href":"https:\/\/www.martech.qc.ca\/index\/wp-json\/wp\/v2\/media\/68042"}],"wp:attachment":[{"href":"https:\/\/www.martech.qc.ca\/index\/wp-json\/wp\/v2\/media?parent=68040"}],"wp:term":[{"taxonomy":"product_cat","embeddable":true,"href":"https:\/\/www.martech.qc.ca\/index\/wp-json\/wp\/v2\/product_cat?post=68040"},{"taxonomy":"product_tag","embeddable":true,"href":"https:\/\/www.martech.qc.ca\/index\/wp-json\/wp\/v2\/product_tag?post=68040"}],"curies":[{"name":"wp","href":"https:\/\/api.w.org\/{rel}","templated":true}]}}