{"id":68033,"date":"2016-03-17T16:59:07","date_gmt":"2016-03-17T16:59:07","guid":{"rendered":"http:\/\/www.martech.qc.ca\/index.php\/produit\/d-250-3\/"},"modified":"2016-03-18T15:33:50","modified_gmt":"2016-03-18T15:33:50","slug":"d-250-3","status":"publish","type":"product","link":"https:\/\/www.martech.qc.ca\/index\/produit\/d-250-3\/","title":{"rendered":"D-250-3"},"content":{"rendered":"<div class=\"desc_libelle\">\n<p>Le panneau \u00ab Signal avanc\u00e9 de voie r\u00e9serv\u00e9e \u00bb (D-250-3-A) indique \u00e0 l\u2019avance une voie r\u00e9serv\u00e9e \u00e0 certaines cat\u00e9gories de v\u00e9hicules. Le panneau D-250-3-A doit \u00eatre install\u00e9 au-dessus des voies.<\/p>\n<\/div>\n","protected":false},"excerpt":{"rendered":"<div class=\"desc_libelle\">\n<p>Le panneau \u00ab Signal avanc\u00e9 de voie r\u00e9serv\u00e9e \u00bb (D-250-3-A) indique \u00e0 l\u2019avance une voie r\u00e9serv\u00e9e \u00e0 certaines cat\u00e9gories de v\u00e9hicules. Le panneau D-250-3-A doit \u00eatre install\u00e9 au-dessus des voies.<\/p>\n<p><a href=\"http:\/\/www.martech.qc.ca\/index.php\/contact\/\" rel=\"attachment wp-att-66946\"><img loading=\"lazy\" decoding=\"async\" class=\"alignnone wp-image-66946 size-full\" src=\"http:\/\/www.martech.qc.ca\/wp-content\/uploads\/2016\/02\/CONTACT_C.jpg\" alt=\"Contactez-nous pour une soumission gratuite!\" width=\"560\" height=\"74\" srcset=\"https:\/\/www.martech.qc.ca\/index\/wp-content\/uploads\/2016\/02\/CONTACT_C.jpg 560w, https:\/\/www.martech.qc.ca\/index\/wp-content\/uploads\/2016\/02\/CONTACT_C-300x40.jpg 300w\" sizes=\"(max-width: 560px) 100vw, 560px\" \/><\/a><\/p>\n<\/div>\n","protected":false},"featured_media":68035,"comment_status":"closed","ping_status":"closed","template":"","meta":{"_acf_changed":false},"product_cat":[44],"product_tag":[],"acf":[],"_links":{"self":[{"href":"https:\/\/www.martech.qc.ca\/index\/wp-json\/wp\/v2\/product\/68033"}],"collection":[{"href":"https:\/\/www.martech.qc.ca\/index\/wp-json\/wp\/v2\/product"}],"about":[{"href":"https:\/\/www.martech.qc.ca\/index\/wp-json\/wp\/v2\/types\/product"}],"replies":[{"embeddable":true,"href":"https:\/\/www.martech.qc.ca\/index\/wp-json\/wp\/v2\/comments?post=68033"}],"wp:featuredmedia":[{"embeddable":true,"href":"https:\/\/www.martech.qc.ca\/index\/wp-json\/wp\/v2\/media\/68035"}],"wp:attachment":[{"href":"https:\/\/www.martech.qc.ca\/index\/wp-json\/wp\/v2\/media?parent=68033"}],"wp:term":[{"taxonomy":"product_cat","embeddable":true,"href":"https:\/\/www.martech.qc.ca\/index\/wp-json\/wp\/v2\/product_cat?post=68033"},{"taxonomy":"product_tag","embeddable":true,"href":"https:\/\/www.martech.qc.ca\/index\/wp-json\/wp\/v2\/product_tag?post=68033"}],"curies":[{"name":"wp","href":"https:\/\/api.w.org\/{rel}","templated":true}]}}