{"id":68026,"date":"2016-03-17T16:51:44","date_gmt":"2016-03-17T16:51:44","guid":{"rendered":"http:\/\/www.martech.qc.ca\/index.php\/produit\/d-245-p-2\/"},"modified":"2016-03-18T15:34:16","modified_gmt":"2016-03-18T15:34:16","slug":"d-245-p-2","status":"publish","type":"product","link":"https:\/\/www.martech.qc.ca\/index\/produit\/d-245-p-2\/","title":{"rendered":"D-245-P-2"},"content":{"rendered":"<div class=\"desc_libelle\">\n<p>Les panonceaux de distance de danger (D-245-P) indiquent la distance de danger (D-245-P) indiquent la distance \u00e0 parcourir avant d&rsquo;atteindre la zone de danger potentiel indiqu\u00e9e sur le panneau qu&rsquo;ils accompagnent. La distance peut \u00eatre exprim\u00e9e en m\u00e8tres avec les panonceaux D-245-P-1 et D-245-P-2 ou en kilom\u00e8tres avec le panonceau D-245-P-3.<\/p>\n<\/div>\n","protected":false},"excerpt":{"rendered":"<div class=\"desc_libelle\">\n<p>Les panonceaux de distance de danger (D-245-P) indiquent la distance de danger (D-245-P) indiquent la distance \u00e0 parcourir avant d&rsquo;atteindre la zone de danger potentiel indiqu\u00e9e sur le panneau qu&rsquo;ils accompagnent. La distance peut \u00eatre exprim\u00e9e en m\u00e8tres avec les panonceaux D-245-P-1 et D-245-P-2 ou en kilom\u00e8tres avec le panonceau D-245-P-3.<\/p>\n<p><a href=\"http:\/\/www.martech.qc.ca\/index.php\/contact\/\" rel=\"attachment wp-att-66946\"><img loading=\"lazy\" decoding=\"async\" class=\"alignnone wp-image-66946 size-full\" src=\"http:\/\/www.martech.qc.ca\/wp-content\/uploads\/2016\/02\/CONTACT_C.jpg\" alt=\"Contactez-nous pour une soumission gratuite!\" width=\"560\" height=\"74\" srcset=\"https:\/\/www.martech.qc.ca\/index\/wp-content\/uploads\/2016\/02\/CONTACT_C.jpg 560w, https:\/\/www.martech.qc.ca\/index\/wp-content\/uploads\/2016\/02\/CONTACT_C-300x40.jpg 300w\" sizes=\"(max-width: 560px) 100vw, 560px\" \/><\/a><\/p>\n<\/div>\n","protected":false},"featured_media":68027,"comment_status":"closed","ping_status":"closed","template":"","meta":{"_acf_changed":false},"product_cat":[44],"product_tag":[],"acf":[],"_links":{"self":[{"href":"https:\/\/www.martech.qc.ca\/index\/wp-json\/wp\/v2\/product\/68026"}],"collection":[{"href":"https:\/\/www.martech.qc.ca\/index\/wp-json\/wp\/v2\/product"}],"about":[{"href":"https:\/\/www.martech.qc.ca\/index\/wp-json\/wp\/v2\/types\/product"}],"replies":[{"embeddable":true,"href":"https:\/\/www.martech.qc.ca\/index\/wp-json\/wp\/v2\/comments?post=68026"}],"wp:featuredmedia":[{"embeddable":true,"href":"https:\/\/www.martech.qc.ca\/index\/wp-json\/wp\/v2\/media\/68027"}],"wp:attachment":[{"href":"https:\/\/www.martech.qc.ca\/index\/wp-json\/wp\/v2\/media?parent=68026"}],"wp:term":[{"taxonomy":"product_cat","embeddable":true,"href":"https:\/\/www.martech.qc.ca\/index\/wp-json\/wp\/v2\/product_cat?post=68026"},{"taxonomy":"product_tag","embeddable":true,"href":"https:\/\/www.martech.qc.ca\/index\/wp-json\/wp\/v2\/product_tag?post=68026"}],"curies":[{"name":"wp","href":"https:\/\/api.w.org\/{rel}","templated":true}]}}