{"id":68020,"date":"2016-03-17T16:42:47","date_gmt":"2016-03-17T16:42:47","guid":{"rendered":"http:\/\/www.martech.qc.ca\/index.php\/produit\/d-240-p-10-d\/"},"modified":"2016-03-18T15:34:42","modified_gmt":"2016-03-18T15:34:42","slug":"d-240-p-10-d","status":"publish","type":"product","link":"https:\/\/www.martech.qc.ca\/index\/produit\/d-240-p-10-d\/","title":{"rendered":"D-240-P-10-D"},"content":{"rendered":"<div class=\"desc_libelle\">\n<p>Les panonceaux d&#8217;emplacement (D-240-P-10), utilis\u00e9s avec les panneaux de passage appropri\u00e9s (D-270), indiquent l&rsquo;endroit o\u00f9 est situ\u00e9 le passage pour personnes, cyclistes, v\u00e9hicules, cavaliers ou animaux.<\/p>\n<\/div>\n","protected":false},"excerpt":{"rendered":"<div class=\"desc_libelle\">\n<p>Les panonceaux d&#8217;emplacement (D-240-P-10), utilis\u00e9s avec les panneaux de passage appropri\u00e9s (D-270), indiquent l&rsquo;endroit o\u00f9 est situ\u00e9 le passage pour personnes, cyclistes, v\u00e9hicules, cavaliers ou animaux.<\/p>\n<p><a href=\"http:\/\/www.martech.qc.ca\/index.php\/contact\/\" rel=\"attachment wp-att-66946\"><img loading=\"lazy\" decoding=\"async\" class=\"alignnone wp-image-66946 size-full\" src=\"http:\/\/www.martech.qc.ca\/wp-content\/uploads\/2016\/02\/CONTACT_C.jpg\" alt=\"Contactez-nous pour une soumission gratuite!\" width=\"560\" height=\"74\" srcset=\"https:\/\/www.martech.qc.ca\/index\/wp-content\/uploads\/2016\/02\/CONTACT_C.jpg 560w, https:\/\/www.martech.qc.ca\/index\/wp-content\/uploads\/2016\/02\/CONTACT_C-300x40.jpg 300w\" sizes=\"(max-width: 560px) 100vw, 560px\" \/><\/a><\/p>\n<\/div>\n","protected":false},"featured_media":68021,"comment_status":"closed","ping_status":"closed","template":"","meta":{"_acf_changed":false},"product_cat":[44],"product_tag":[],"acf":[],"_links":{"self":[{"href":"https:\/\/www.martech.qc.ca\/index\/wp-json\/wp\/v2\/product\/68020"}],"collection":[{"href":"https:\/\/www.martech.qc.ca\/index\/wp-json\/wp\/v2\/product"}],"about":[{"href":"https:\/\/www.martech.qc.ca\/index\/wp-json\/wp\/v2\/types\/product"}],"replies":[{"embeddable":true,"href":"https:\/\/www.martech.qc.ca\/index\/wp-json\/wp\/v2\/comments?post=68020"}],"wp:featuredmedia":[{"embeddable":true,"href":"https:\/\/www.martech.qc.ca\/index\/wp-json\/wp\/v2\/media\/68021"}],"wp:attachment":[{"href":"https:\/\/www.martech.qc.ca\/index\/wp-json\/wp\/v2\/media?parent=68020"}],"wp:term":[{"taxonomy":"product_cat","embeddable":true,"href":"https:\/\/www.martech.qc.ca\/index\/wp-json\/wp\/v2\/product_cat?post=68020"},{"taxonomy":"product_tag","embeddable":true,"href":"https:\/\/www.martech.qc.ca\/index\/wp-json\/wp\/v2\/product_tag?post=68020"}],"curies":[{"name":"wp","href":"https:\/\/api.w.org\/{rel}","templated":true}]}}