{"id":68018,"date":"2016-03-17T15:26:49","date_gmt":"2016-03-17T15:26:49","guid":{"rendered":"http:\/\/www.martech.qc.ca\/index.php\/produit\/d-240-2\/"},"modified":"2016-03-18T15:34:51","modified_gmt":"2016-03-18T15:34:51","slug":"d-240-2","status":"publish","type":"product","link":"https:\/\/www.martech.qc.ca\/index\/produit\/d-240-2\/","title":{"rendered":"D-240-2"},"content":{"rendered":"<div class=\"desc_libelle\">\n<p>Les panneaux \u00abVisibilit\u00e9 restreinte\u00bb (D-240) indiquent que la visibilit\u00e9 est restreinte ou m\u00eame nulle dans une courbe verticale. Ces panneaux peuvent \u00eatre install\u00e9s si la distance permettant de voir un obstacle d\u00e9termin\u00e9 est inf\u00e9rieure \u00e0 la distance permettant d&rsquo;immobiliser un v\u00e9hicule, conform\u00e9ment aux donn\u00e9es du tableau 3.5-1 et au dessin normalis\u00e9 008. Le panneau D-240-2 doit \u00eatre install\u00e9 si une probl\u00e9matique d&rsquo;accidents routiers est clairement identifi\u00e9e \u00e0 un endroit.<\/p>\n<\/div>\n","protected":false},"excerpt":{"rendered":"<div class=\"desc_libelle\">\n<p>Les panneaux \u00abVisibilit\u00e9 restreinte\u00bb (D-240) indiquent que la visibilit\u00e9 est restreinte ou m\u00eame nulle dans une courbe verticale. Ces panneaux peuvent \u00eatre install\u00e9s si la distance permettant de voir un obstacle d\u00e9termin\u00e9 est inf\u00e9rieure \u00e0 la distance permettant d&rsquo;immobiliser un v\u00e9hicule, conform\u00e9ment aux donn\u00e9es du tableau 3.5-1 et au dessin normalis\u00e9 008. Le panneau D-240-2 doit \u00eatre install\u00e9 si une probl\u00e9matique d&rsquo;accidents routiers est clairement identifi\u00e9e \u00e0 un endroit.<\/p>\n<p><a href=\"http:\/\/www.martech.qc.ca\/index.php\/contact\/\" rel=\"attachment wp-att-66946\"><img loading=\"lazy\" decoding=\"async\" class=\"alignnone wp-image-66946 size-full\" src=\"http:\/\/www.martech.qc.ca\/wp-content\/uploads\/2016\/02\/CONTACT_C.jpg\" alt=\"Contactez-nous pour une soumission gratuite!\" width=\"560\" height=\"74\" srcset=\"https:\/\/www.martech.qc.ca\/index\/wp-content\/uploads\/2016\/02\/CONTACT_C.jpg 560w, https:\/\/www.martech.qc.ca\/index\/wp-content\/uploads\/2016\/02\/CONTACT_C-300x40.jpg 300w\" sizes=\"(max-width: 560px) 100vw, 560px\" \/><\/a><\/p>\n<\/div>\n","protected":false},"featured_media":68019,"comment_status":"closed","ping_status":"closed","template":"","meta":{"_acf_changed":false},"product_cat":[44],"product_tag":[],"acf":[],"_links":{"self":[{"href":"https:\/\/www.martech.qc.ca\/index\/wp-json\/wp\/v2\/product\/68018"}],"collection":[{"href":"https:\/\/www.martech.qc.ca\/index\/wp-json\/wp\/v2\/product"}],"about":[{"href":"https:\/\/www.martech.qc.ca\/index\/wp-json\/wp\/v2\/types\/product"}],"replies":[{"embeddable":true,"href":"https:\/\/www.martech.qc.ca\/index\/wp-json\/wp\/v2\/comments?post=68018"}],"wp:featuredmedia":[{"embeddable":true,"href":"https:\/\/www.martech.qc.ca\/index\/wp-json\/wp\/v2\/media\/68019"}],"wp:attachment":[{"href":"https:\/\/www.martech.qc.ca\/index\/wp-json\/wp\/v2\/media?parent=68018"}],"wp:term":[{"taxonomy":"product_cat","embeddable":true,"href":"https:\/\/www.martech.qc.ca\/index\/wp-json\/wp\/v2\/product_cat?post=68018"},{"taxonomy":"product_tag","embeddable":true,"href":"https:\/\/www.martech.qc.ca\/index\/wp-json\/wp\/v2\/product_tag?post=68018"}],"curies":[{"name":"wp","href":"https:\/\/api.w.org\/{rel}","templated":true}]}}