{"id":68006,"date":"2016-03-17T15:15:39","date_gmt":"2016-03-17T15:15:39","guid":{"rendered":"http:\/\/www.martech.qc.ca\/index.php\/produit\/d-220-2-d\/"},"modified":"2020-01-06T13:32:58","modified_gmt":"2020-01-06T13:32:58","slug":"d-220-2-d","status":"publish","type":"product","link":"https:\/\/www.martech.qc.ca\/index\/produit\/d-220-2-d\/","title":{"rendered":"D-220-2-D"},"content":{"rendered":"<div class=\"desc_libelle\">\n<p>Les panneaux \u00abPerte de voies\u00bb (D-220) indiquent que le nombre de voies dans le m\u00eame sens de circulation est r\u00e9duit. Lorsque la r\u00e9duction du nombre de voies se fait sur un chemin public ayant 3 voies et plus, les panneaux D-220-2-D et D-220-2-G doivent \u00eatre utilis\u00e9s.<\/p>\n<\/div>\n","protected":false},"excerpt":{"rendered":"<div class=\"desc_libelle\">\n<p>Les panneaux \u00abPerte de voies\u00bb (D-220) indiquent que le nombre de voies dans le m\u00eame sens de circulation est r\u00e9duit. Lorsque la r\u00e9duction du nombre de voies se fait sur un chemin public ayant 3 voies et plus, les panneaux D-220-2-D et D-220-2-G doivent \u00eatre utilis\u00e9s.<\/p>\n<p><a href=\"http:\/\/www.martech.qc.ca\/index.php\/contact\/\" rel=\"attachment wp-att-66946\"><img loading=\"lazy\" decoding=\"async\" class=\"alignnone wp-image-66946 size-full\" src=\"http:\/\/www.martech.qc.ca\/wp-content\/uploads\/2016\/02\/CONTACT_C.jpg\" alt=\"Contactez-nous pour une soumission gratuite!\" width=\"560\" height=\"74\" srcset=\"https:\/\/www.martech.qc.ca\/index\/wp-content\/uploads\/2016\/02\/CONTACT_C.jpg 560w, https:\/\/www.martech.qc.ca\/index\/wp-content\/uploads\/2016\/02\/CONTACT_C-300x40.jpg 300w\" sizes=\"(max-width: 560px) 100vw, 560px\" \/><\/a><\/p>\n<\/div>\n","protected":false},"featured_media":71728,"comment_status":"closed","ping_status":"closed","template":"","meta":{"_acf_changed":false},"product_cat":[44],"product_tag":[],"acf":[],"_links":{"self":[{"href":"https:\/\/www.martech.qc.ca\/index\/wp-json\/wp\/v2\/product\/68006"}],"collection":[{"href":"https:\/\/www.martech.qc.ca\/index\/wp-json\/wp\/v2\/product"}],"about":[{"href":"https:\/\/www.martech.qc.ca\/index\/wp-json\/wp\/v2\/types\/product"}],"replies":[{"embeddable":true,"href":"https:\/\/www.martech.qc.ca\/index\/wp-json\/wp\/v2\/comments?post=68006"}],"wp:featuredmedia":[{"embeddable":true,"href":"https:\/\/www.martech.qc.ca\/index\/wp-json\/wp\/v2\/media\/71728"}],"wp:attachment":[{"href":"https:\/\/www.martech.qc.ca\/index\/wp-json\/wp\/v2\/media?parent=68006"}],"wp:term":[{"taxonomy":"product_cat","embeddable":true,"href":"https:\/\/www.martech.qc.ca\/index\/wp-json\/wp\/v2\/product_cat?post=68006"},{"taxonomy":"product_tag","embeddable":true,"href":"https:\/\/www.martech.qc.ca\/index\/wp-json\/wp\/v2\/product_tag?post=68006"}],"curies":[{"name":"wp","href":"https:\/\/api.w.org\/{rel}","templated":true}]}}