{"id":67998,"date":"2016-03-16T20:23:12","date_gmt":"2016-03-16T20:23:12","guid":{"rendered":"http:\/\/www.martech.qc.ca\/index.php\/produit\/d-210-2-d\/"},"modified":"2016-03-18T15:57:51","modified_gmt":"2016-03-18T15:57:51","slug":"d-210-2-d","status":"publish","type":"product","link":"https:\/\/www.martech.qc.ca\/index\/produit\/d-210-2-d\/","title":{"rendered":"D-210-2-D"},"content":{"rendered":"<div class=\"desc_libelle\">\n<p>Les panneaux \u00abChauss\u00e9e r\u00e9tr\u00e9cie\u00bb (D-210) indiquent qu\u2019il y a r\u00e9duction de la largeur de la chauss\u00e9e mais qu\u2019il n\u2019y a pas de r\u00e9duction du nombre de voies de circulation.Le panneau D-210-2-G doit \u00eatre utilis\u00e9 pour indiquer un r\u00e9tr\u00e9cissement par la gauche et le panneau D-210-2-D, pour indiquer un<br \/>\nr\u00e9tr\u00e9cissement par la droite.<\/p>\n<\/div>\n","protected":false},"excerpt":{"rendered":"<div class=\"desc_libelle\">\n<p>Les panneaux \u00abChauss\u00e9e r\u00e9tr\u00e9cie\u00bb (D-210) indiquent qu\u2019il y a r\u00e9duction de la largeur de la chauss\u00e9e mais qu\u2019il n\u2019y a pas de r\u00e9duction du nombre de voies de circulation.Le panneau D-210-2-G doit \u00eatre utilis\u00e9 pour indiquer un r\u00e9tr\u00e9cissement par la gauche et le panneau D-210-2-D, pour indiquer un<br \/>\nr\u00e9tr\u00e9cissement par la droite.<\/p>\n<p><a href=\"http:\/\/www.martech.qc.ca\/index.php\/contact\/\" rel=\"attachment wp-att-66946\"><img loading=\"lazy\" decoding=\"async\" class=\"alignnone wp-image-66946 size-full\" src=\"http:\/\/www.martech.qc.ca\/wp-content\/uploads\/2016\/02\/CONTACT_C.jpg\" alt=\"Contactez-nous pour une soumission gratuite!\" width=\"560\" height=\"74\" srcset=\"https:\/\/www.martech.qc.ca\/index\/wp-content\/uploads\/2016\/02\/CONTACT_C.jpg 560w, https:\/\/www.martech.qc.ca\/index\/wp-content\/uploads\/2016\/02\/CONTACT_C-300x40.jpg 300w\" sizes=\"(max-width: 560px) 100vw, 560px\" \/><\/a><\/p>\n<\/div>\n","protected":false},"featured_media":67999,"comment_status":"closed","ping_status":"closed","template":"","meta":{"_acf_changed":false},"product_cat":[44],"product_tag":[],"acf":[],"_links":{"self":[{"href":"https:\/\/www.martech.qc.ca\/index\/wp-json\/wp\/v2\/product\/67998"}],"collection":[{"href":"https:\/\/www.martech.qc.ca\/index\/wp-json\/wp\/v2\/product"}],"about":[{"href":"https:\/\/www.martech.qc.ca\/index\/wp-json\/wp\/v2\/types\/product"}],"replies":[{"embeddable":true,"href":"https:\/\/www.martech.qc.ca\/index\/wp-json\/wp\/v2\/comments?post=67998"}],"wp:featuredmedia":[{"embeddable":true,"href":"https:\/\/www.martech.qc.ca\/index\/wp-json\/wp\/v2\/media\/67999"}],"wp:attachment":[{"href":"https:\/\/www.martech.qc.ca\/index\/wp-json\/wp\/v2\/media?parent=67998"}],"wp:term":[{"taxonomy":"product_cat","embeddable":true,"href":"https:\/\/www.martech.qc.ca\/index\/wp-json\/wp\/v2\/product_cat?post=67998"},{"taxonomy":"product_tag","embeddable":true,"href":"https:\/\/www.martech.qc.ca\/index\/wp-json\/wp\/v2\/product_tag?post=67998"}],"curies":[{"name":"wp","href":"https:\/\/api.w.org\/{rel}","templated":true}]}}