{"id":67987,"date":"2016-03-16T20:15:30","date_gmt":"2016-03-16T20:15:30","guid":{"rendered":"http:\/\/www.martech.qc.ca\/index.php\/produit\/d-200\/"},"modified":"2016-03-16T20:16:54","modified_gmt":"2016-03-16T20:16:54","slug":"d-200","status":"publish","type":"product","link":"https:\/\/www.martech.qc.ca\/index\/produit\/d-200\/","title":{"rendered":"D-200"},"content":{"rendered":"<div class=\"desc_libelle\">\n<p>Le panneau \u00abPassage \u00e9troit\u00bb (D-200) indique que la largeur de la chauss\u00e9e d\u2019un pont, d\u2019un tunnel ou d\u2019une voie cyclable est moindre qu\u2019\u00e0 leurs abords. Lorsque la largeur de la chauss\u00e9e est inf\u00e9rieure \u00e0 6 m, le panonceau D-200-P doit est fix\u00e9 au-dessous du panneau D-200.<\/p>\n<\/div>\n","protected":false},"excerpt":{"rendered":"<div class=\"desc_libelle\">\n<p>Le panneau \u00abPassage \u00e9troit\u00bb (D-200) indique que la largeur de la chauss\u00e9e d\u2019un pont, d\u2019un tunnel ou d\u2019une voie cyclable est moindre qu\u2019\u00e0 leurs abords. Lorsque la largeur de la chauss\u00e9e est inf\u00e9rieure \u00e0 6 m, le panonceau D-200-P doit est fix\u00e9 au-dessous du panneau D-200.<\/p>\n<p><a href=\"http:\/\/www.martech.qc.ca\/index.php\/contact\/\" rel=\"attachment wp-att-66946\"><img loading=\"lazy\" decoding=\"async\" class=\"alignnone wp-image-66946 size-full\" src=\"http:\/\/www.martech.qc.ca\/wp-content\/uploads\/2016\/02\/CONTACT_C.jpg\" alt=\"Contactez-nous pour une soumission gratuite!\" width=\"560\" height=\"74\" srcset=\"https:\/\/www.martech.qc.ca\/index\/wp-content\/uploads\/2016\/02\/CONTACT_C.jpg 560w, https:\/\/www.martech.qc.ca\/index\/wp-content\/uploads\/2016\/02\/CONTACT_C-300x40.jpg 300w\" sizes=\"(max-width: 560px) 100vw, 560px\" \/><\/a><\/p>\n<\/div>\n","protected":false},"featured_media":67988,"comment_status":"closed","ping_status":"closed","template":"","meta":{"_acf_changed":false},"product_cat":[44],"product_tag":[],"acf":[],"_links":{"self":[{"href":"https:\/\/www.martech.qc.ca\/index\/wp-json\/wp\/v2\/product\/67987"}],"collection":[{"href":"https:\/\/www.martech.qc.ca\/index\/wp-json\/wp\/v2\/product"}],"about":[{"href":"https:\/\/www.martech.qc.ca\/index\/wp-json\/wp\/v2\/types\/product"}],"replies":[{"embeddable":true,"href":"https:\/\/www.martech.qc.ca\/index\/wp-json\/wp\/v2\/comments?post=67987"}],"wp:featuredmedia":[{"embeddable":true,"href":"https:\/\/www.martech.qc.ca\/index\/wp-json\/wp\/v2\/media\/67988"}],"wp:attachment":[{"href":"https:\/\/www.martech.qc.ca\/index\/wp-json\/wp\/v2\/media?parent=67987"}],"wp:term":[{"taxonomy":"product_cat","embeddable":true,"href":"https:\/\/www.martech.qc.ca\/index\/wp-json\/wp\/v2\/product_cat?post=67987"},{"taxonomy":"product_tag","embeddable":true,"href":"https:\/\/www.martech.qc.ca\/index\/wp-json\/wp\/v2\/product_tag?post=67987"}],"curies":[{"name":"wp","href":"https:\/\/api.w.org\/{rel}","templated":true}]}}