{"id":67983,"date":"2016-03-16T20:12:40","date_gmt":"2016-03-16T20:12:40","guid":{"rendered":"http:\/\/www.martech.qc.ca\/index.php\/produit\/d-190-1\/"},"modified":"2016-03-16T20:14:27","modified_gmt":"2016-03-16T20:14:27","slug":"d-190-1","status":"publish","type":"product","link":"https:\/\/www.martech.qc.ca\/index\/produit\/d-190-1\/","title":{"rendered":"D-190-1"},"content":{"rendered":"<div class=\"desc_libelle\">\n<p>Les panneaux \u00abLes panneaux \u00abLimitation de hauteur\u00bb (D-190) indiquent la hauteur libre des ponts, des viaducs et des tunnels lorsque le tirant d\u2019air n\u2019exc\u00e8de pas d\u2019au moins 150 mm la hauteur maximale des v\u00e9hicules, fix\u00e9e par un r\u00e8glement \u00e9dict\u00e9 en vertu du Code de la s\u00e9curit\u00e9 routi\u00e8re du Qu\u00e9bec (L.R.C., c. C-24.2).\u00bb (D-190) indiquent la hauteur libre des ponts, des viaducs et des tunnels lorsque le tirant d\u2019air n\u2019exc\u00e8de pas d\u2019au moins 150 mm la hauteur maximale des v\u00e9hicules, fix\u00e9e par un r\u00e8glement \u00e9dict\u00e9 en vertu du Code de la s\u00e9curit\u00e9 routi\u00e8re du Qu\u00e9bec (L.R.C., c. C-24.2).<\/p>\n<\/div>\n","protected":false},"excerpt":{"rendered":"<div class=\"desc_libelle\">\n<p>Les panneaux \u00abLimitation de hauteur\u00bb (D-190) indiquent la hauteur libre des ponts, des viaducs et des tunnels lorsque le tirant d\u2019air n\u2019exc\u00e8de pas d\u2019au moins 150 mm la hauteur maximale des v\u00e9hicules, fix\u00e9e par un r\u00e8glement \u00e9dict\u00e9 en vertu du Code de la s\u00e9curit\u00e9 routi\u00e8re du Qu\u00e9bec (L.R.C., c. C-24.2).<\/p>\n<p><a href=\"http:\/\/www.martech.qc.ca\/index.php\/contact\/\" rel=\"attachment wp-att-66946\"><img loading=\"lazy\" decoding=\"async\" class=\"alignnone wp-image-66946 size-full\" src=\"http:\/\/www.martech.qc.ca\/wp-content\/uploads\/2016\/02\/CONTACT_C.jpg\" alt=\"Contactez-nous pour une soumission gratuite!\" width=\"560\" height=\"74\" srcset=\"https:\/\/www.martech.qc.ca\/index\/wp-content\/uploads\/2016\/02\/CONTACT_C.jpg 560w, https:\/\/www.martech.qc.ca\/index\/wp-content\/uploads\/2016\/02\/CONTACT_C-300x40.jpg 300w\" sizes=\"(max-width: 560px) 100vw, 560px\" \/><\/a><\/p>\n<\/div>\n","protected":false},"featured_media":67984,"comment_status":"closed","ping_status":"closed","template":"","meta":{"_acf_changed":false},"product_cat":[44],"product_tag":[],"acf":[],"_links":{"self":[{"href":"https:\/\/www.martech.qc.ca\/index\/wp-json\/wp\/v2\/product\/67983"}],"collection":[{"href":"https:\/\/www.martech.qc.ca\/index\/wp-json\/wp\/v2\/product"}],"about":[{"href":"https:\/\/www.martech.qc.ca\/index\/wp-json\/wp\/v2\/types\/product"}],"replies":[{"embeddable":true,"href":"https:\/\/www.martech.qc.ca\/index\/wp-json\/wp\/v2\/comments?post=67983"}],"wp:featuredmedia":[{"embeddable":true,"href":"https:\/\/www.martech.qc.ca\/index\/wp-json\/wp\/v2\/media\/67984"}],"wp:attachment":[{"href":"https:\/\/www.martech.qc.ca\/index\/wp-json\/wp\/v2\/media?parent=67983"}],"wp:term":[{"taxonomy":"product_cat","embeddable":true,"href":"https:\/\/www.martech.qc.ca\/index\/wp-json\/wp\/v2\/product_cat?post=67983"},{"taxonomy":"product_tag","embeddable":true,"href":"https:\/\/www.martech.qc.ca\/index\/wp-json\/wp\/v2\/product_tag?post=67983"}],"curies":[{"name":"wp","href":"https:\/\/api.w.org\/{rel}","templated":true}]}}