{"id":67978,"date":"2016-03-16T20:09:56","date_gmt":"2016-03-16T20:09:56","guid":{"rendered":"http:\/\/www.martech.qc.ca\/index.php\/produit\/d-180-6-d\/"},"modified":"2016-03-16T20:10:49","modified_gmt":"2016-03-16T20:10:49","slug":"d-180-6-d","status":"publish","type":"product","link":"https:\/\/www.martech.qc.ca\/index\/produit\/d-180-6-d\/","title":{"rendered":"D-180-6-D"},"content":{"rendered":"<div class=\"desc_libelle\">\n<p>Les panneaux \u00abSignal avanc\u00e9 d\u2019un passage \u00e0 niveau\u00bb (D-180) indiquent, \u00e0 l\u2019avance, la proximit\u00e9 d\u2019un passage \u00e0 niveau traversant un chemin. Lorsqu\u2019un passage \u00e0 niveau est situ\u00e9 \u00e0 au plus 50 m d\u2019une intersection, dans un milieu urbain, et \u00e0 au plus 125 m, dans un milieu rural, les panneaux appropri\u00e9s D-180-4 \u00e0 D-180-6 doivent \u00eatre utilis\u00e9s. Lorsque les conditions g\u00e9om\u00e9triques d\u2019un chemin public et d\u2019une voie ferr\u00e9e obligent les conducteurs de camions \u00e0 une r\u00e9duction de vitesse sup\u00e9rieure \u00e0 70 % de la vitesse affich\u00e9e, il y a lieu d\u2019installer le panneau D-180-7 \u00e0 mi-distance entre les panneaux D-180 et la voie ferr\u00e9e<\/p>\n<\/div>\n","protected":false},"excerpt":{"rendered":"<div class=\"desc_libelle\">\n<p>Les panneaux \u00abSignal avanc\u00e9 d\u2019un passage \u00e0 niveau\u00bb (D-180) indiquent, \u00e0 l\u2019avance, la proximit\u00e9 d\u2019un passage \u00e0 niveau traversant un chemin. Lorsqu\u2019un passage \u00e0 niveau est situ\u00e9 \u00e0 au plus 50 m d\u2019une intersection, dans un milieu urbain, et \u00e0 au plus 125 m, dans un milieu rural, les panneaux appropri\u00e9s D-180-4 \u00e0 D-180-6 doivent \u00eatre utilis\u00e9s. Lorsque les conditions g\u00e9om\u00e9triques d\u2019un chemin public et d\u2019une voie ferr\u00e9e obligent les conducteurs de camions \u00e0 une r\u00e9duction de vitesse sup\u00e9rieure \u00e0 70 % de la vitesse affich\u00e9e, il y a lieu d\u2019installer le panneau D-180-7 \u00e0 mi-distance entre les panneaux D-180 et la voie ferr\u00e9e<\/p>\n<p><a href=\"http:\/\/www.martech.qc.ca\/index.php\/contact\/\" rel=\"attachment wp-att-66946\"><img loading=\"lazy\" decoding=\"async\" class=\"alignnone wp-image-66946 size-full\" src=\"http:\/\/www.martech.qc.ca\/wp-content\/uploads\/2016\/02\/CONTACT_C.jpg\" alt=\"Contactez-nous pour une soumission gratuite!\" width=\"560\" height=\"74\" srcset=\"https:\/\/www.martech.qc.ca\/index\/wp-content\/uploads\/2016\/02\/CONTACT_C.jpg 560w, https:\/\/www.martech.qc.ca\/index\/wp-content\/uploads\/2016\/02\/CONTACT_C-300x40.jpg 300w\" sizes=\"(max-width: 560px) 100vw, 560px\" \/><\/a><\/p>\n<\/div>\n","protected":false},"featured_media":67980,"comment_status":"closed","ping_status":"closed","template":"","meta":{"_acf_changed":false},"product_cat":[44],"product_tag":[],"acf":[],"_links":{"self":[{"href":"https:\/\/www.martech.qc.ca\/index\/wp-json\/wp\/v2\/product\/67978"}],"collection":[{"href":"https:\/\/www.martech.qc.ca\/index\/wp-json\/wp\/v2\/product"}],"about":[{"href":"https:\/\/www.martech.qc.ca\/index\/wp-json\/wp\/v2\/types\/product"}],"replies":[{"embeddable":true,"href":"https:\/\/www.martech.qc.ca\/index\/wp-json\/wp\/v2\/comments?post=67978"}],"wp:featuredmedia":[{"embeddable":true,"href":"https:\/\/www.martech.qc.ca\/index\/wp-json\/wp\/v2\/media\/67980"}],"wp:attachment":[{"href":"https:\/\/www.martech.qc.ca\/index\/wp-json\/wp\/v2\/media?parent=67978"}],"wp:term":[{"taxonomy":"product_cat","embeddable":true,"href":"https:\/\/www.martech.qc.ca\/index\/wp-json\/wp\/v2\/product_cat?post=67978"},{"taxonomy":"product_tag","embeddable":true,"href":"https:\/\/www.martech.qc.ca\/index\/wp-json\/wp\/v2\/product_tag?post=67978"}],"curies":[{"name":"wp","href":"https:\/\/api.w.org\/{rel}","templated":true}]}}