{"id":67964,"date":"2016-03-16T19:51:20","date_gmt":"2016-03-16T19:51:20","guid":{"rendered":"http:\/\/www.martech.qc.ca\/index.php\/produit\/d-180-1\/"},"modified":"2016-03-16T19:52:47","modified_gmt":"2016-03-16T19:52:47","slug":"d-180-1","status":"publish","type":"product","link":"https:\/\/www.martech.qc.ca\/index\/produit\/d-180-1\/","title":{"rendered":"D-180-1"},"content":{"rendered":"<div class=\"desc_libelle\">\n<p>Les panneaux \u00abLes panneaux \u00abSignal avanc\u00e9 d\u2019un passage \u00e0 niveau\u00bb (D-180) indiquent, \u00e0 l\u2019avance, la proximit\u00e9 d\u2019un passage \u00e0 niveau traversant un chemin. Le panneau D-180-1 doit \u00eatre utilis\u00e9 lorsque l\u2019angle, mesur\u00e9 entre l&rsquo;axe de la chauss\u00e9e et celui de la voie ferr\u00e9e, est compris entre 80\u00b0 et 100\u00b0.\u00bb (D-180) indiquent, \u00e0 l\u2019avance, la proximit\u00e9 d\u2019un passage \u00e0 niveau traversant un chemin. Le panneau D-180-1 doit \u00eatre utilis\u00e9 lorsque l\u2019angle, mesur\u00e9 entre l&rsquo;axe de la chauss\u00e9e et celui de la voie ferr\u00e9e, est compris entre 80\u00b0 et 100\u00b0.<\/p>\n<\/div>\n","protected":false},"excerpt":{"rendered":"<div class=\"desc_libelle\">\n<p>Les panneaux \u00abSignal avanc\u00e9 d\u2019un passage \u00e0 niveau\u00bb (D-180) indiquent, \u00e0 l\u2019avance, la proximit\u00e9 d\u2019un passage \u00e0 niveau traversant un chemin. Le panneau D-180-1 doit \u00eatre utilis\u00e9 lorsque l\u2019angle, mesur\u00e9 entre l&rsquo;axe de la chauss\u00e9e et celui de la voie ferr\u00e9e, est compris entre 80\u00b0 et 100\u00b0.<\/p>\n<p><a href=\"http:\/\/www.martech.qc.ca\/index.php\/contact\/\" rel=\"attachment wp-att-66946\"><img loading=\"lazy\" decoding=\"async\" class=\"alignnone wp-image-66946 size-full\" src=\"http:\/\/www.martech.qc.ca\/wp-content\/uploads\/2016\/02\/CONTACT_C.jpg\" alt=\"Contactez-nous pour une soumission gratuite!\" width=\"560\" height=\"74\" srcset=\"https:\/\/www.martech.qc.ca\/index\/wp-content\/uploads\/2016\/02\/CONTACT_C.jpg 560w, https:\/\/www.martech.qc.ca\/index\/wp-content\/uploads\/2016\/02\/CONTACT_C-300x40.jpg 300w\" sizes=\"(max-width: 560px) 100vw, 560px\" \/><\/a><\/p>\n<\/div>\n","protected":false},"featured_media":67965,"comment_status":"closed","ping_status":"closed","template":"","meta":{"_acf_changed":false},"product_cat":[44],"product_tag":[],"acf":[],"_links":{"self":[{"href":"https:\/\/www.martech.qc.ca\/index\/wp-json\/wp\/v2\/product\/67964"}],"collection":[{"href":"https:\/\/www.martech.qc.ca\/index\/wp-json\/wp\/v2\/product"}],"about":[{"href":"https:\/\/www.martech.qc.ca\/index\/wp-json\/wp\/v2\/types\/product"}],"replies":[{"embeddable":true,"href":"https:\/\/www.martech.qc.ca\/index\/wp-json\/wp\/v2\/comments?post=67964"}],"wp:featuredmedia":[{"embeddable":true,"href":"https:\/\/www.martech.qc.ca\/index\/wp-json\/wp\/v2\/media\/67965"}],"wp:attachment":[{"href":"https:\/\/www.martech.qc.ca\/index\/wp-json\/wp\/v2\/media?parent=67964"}],"wp:term":[{"taxonomy":"product_cat","embeddable":true,"href":"https:\/\/www.martech.qc.ca\/index\/wp-json\/wp\/v2\/product_cat?post=67964"},{"taxonomy":"product_tag","embeddable":true,"href":"https:\/\/www.martech.qc.ca\/index\/wp-json\/wp\/v2\/product_tag?post=67964"}],"curies":[{"name":"wp","href":"https:\/\/api.w.org\/{rel}","templated":true}]}}