{"id":67938,"date":"2016-03-16T19:33:33","date_gmt":"2016-03-16T19:33:33","guid":{"rendered":"http:\/\/www.martech.qc.ca\/index.php\/produit\/d-160-d\/"},"modified":"2016-03-16T19:33:59","modified_gmt":"2016-03-16T19:33:59","slug":"d-160-d","status":"publish","type":"product","link":"https:\/\/www.martech.qc.ca\/index\/produit\/d-160-d\/","title":{"rendered":"D-160-D"},"content":{"rendered":"<div class=\"desc_libelle\">\n<p>Le panneau \u00ab Intersection en T dans une courbe \u00bb (D-160) indique l\u2019approche d\u2019une intersection en forme de T, dont la tige est en courbe. Ce panneau doit \u00eatre install\u00e9 en amont de la courbe, sur la tige du T, lorsque :<br \/>\n\u2013 la vitesse recommand\u00e9e dans la courbe est inf\u00e9rieure d\u2019au moins 15 km\/h \u00e0 la vitesse affich\u00e9e;<br \/>\n\u2013 la distance entre le d\u00e9but de la courbe et l\u2019intersection est inf\u00e9rieure \u00e0 la distance d\u00e9termin\u00e9e par la formule suivante :<br \/>\nD = 2V<br \/>\no\u00f9 D = distance en m<br \/>\nV = vitesse affich\u00e9e en km\/h<\/p>\n<\/div>\n","protected":false},"excerpt":{"rendered":"<div class=\"desc_libelle\">\n<p>Le panneau \u00ab Intersection en T dans une courbe \u00bb (D-160) indique l\u2019approche d\u2019une intersection en forme de T, dont la tige est en courbe. Ce panneau doit \u00eatre install\u00e9 en amont de la courbe, sur la tige du T, lorsque :<br \/>\n\u2013 la vitesse recommand\u00e9e dans la courbe est inf\u00e9rieure d\u2019au moins 15 km\/h \u00e0 la vitesse affich\u00e9e;<br \/>\n\u2013 la distance entre le d\u00e9but de la courbe et l\u2019intersection est inf\u00e9rieure \u00e0 la distance d\u00e9termin\u00e9e par la formule suivante :<br \/>\nD = 2V<br \/>\no\u00f9 D = distance en m<br \/>\nV = vitesse affich\u00e9e en km\/h<\/p>\n<p><a href=\"http:\/\/www.martech.qc.ca\/index.php\/contact\/\" rel=\"attachment wp-att-66946\"><img loading=\"lazy\" decoding=\"async\" class=\"alignnone wp-image-66946 size-full\" src=\"http:\/\/www.martech.qc.ca\/wp-content\/uploads\/2016\/02\/CONTACT_C.jpg\" alt=\"Contactez-nous pour une soumission gratuite!\" width=\"560\" height=\"74\" srcset=\"https:\/\/www.martech.qc.ca\/index\/wp-content\/uploads\/2016\/02\/CONTACT_C.jpg 560w, https:\/\/www.martech.qc.ca\/index\/wp-content\/uploads\/2016\/02\/CONTACT_C-300x40.jpg 300w\" sizes=\"(max-width: 560px) 100vw, 560px\" \/><\/a><\/p>\n<\/div>\n","protected":false},"featured_media":67939,"comment_status":"closed","ping_status":"closed","template":"","meta":{"_acf_changed":false},"product_cat":[44],"product_tag":[],"acf":[],"_links":{"self":[{"href":"https:\/\/www.martech.qc.ca\/index\/wp-json\/wp\/v2\/product\/67938"}],"collection":[{"href":"https:\/\/www.martech.qc.ca\/index\/wp-json\/wp\/v2\/product"}],"about":[{"href":"https:\/\/www.martech.qc.ca\/index\/wp-json\/wp\/v2\/types\/product"}],"replies":[{"embeddable":true,"href":"https:\/\/www.martech.qc.ca\/index\/wp-json\/wp\/v2\/comments?post=67938"}],"wp:featuredmedia":[{"embeddable":true,"href":"https:\/\/www.martech.qc.ca\/index\/wp-json\/wp\/v2\/media\/67939"}],"wp:attachment":[{"href":"https:\/\/www.martech.qc.ca\/index\/wp-json\/wp\/v2\/media?parent=67938"}],"wp:term":[{"taxonomy":"product_cat","embeddable":true,"href":"https:\/\/www.martech.qc.ca\/index\/wp-json\/wp\/v2\/product_cat?post=67938"},{"taxonomy":"product_tag","embeddable":true,"href":"https:\/\/www.martech.qc.ca\/index\/wp-json\/wp\/v2\/product_tag?post=67938"}],"curies":[{"name":"wp","href":"https:\/\/api.w.org\/{rel}","templated":true}]}}