{"id":67930,"date":"2016-03-16T19:28:33","date_gmt":"2016-03-16T19:28:33","guid":{"rendered":"http:\/\/www.martech.qc.ca\/index.php\/produit\/d-140-2-d\/"},"modified":"2016-03-16T19:29:36","modified_gmt":"2016-03-16T19:29:36","slug":"d-140-2-d","status":"publish","type":"product","link":"https:\/\/www.martech.qc.ca\/index\/produit\/d-140-2-d\/","title":{"rendered":"D-140-2-D"},"content":{"rendered":"<div class=\"desc_libelle\">\n<p>Le panneau \u00ab Voies parall\u00e8les \u00bb (D-140-2) indique que la circulation adjacente dispose d\u2019une ou de plusieurs voies distinctes et qu\u2019il est possible de continuer son chemin sur une distance d\u2019au moins 1 km sans converger.<\/p>\n<\/div>\n","protected":false},"excerpt":{"rendered":"<div class=\"desc_libelle\">\n<p>Le panneau \u00ab Voies parall\u00e8les \u00bb (D-140-2) indique que la circulation adjacente dispose d\u2019une ou de plusieurs voies distinctes et qu\u2019il est possible de continuer son chemin sur une distance d\u2019au moins 1 km sans converger.<\/p>\n<p>s\u00e9e s\u00e9par\u00e9e.<a href=\"http:\/\/www.martech.qc.ca\/index.php\/contact\/\" rel=\"attachment wp-att-66946\"><img loading=\"lazy\" decoding=\"async\" class=\"alignnone wp-image-66946 size-full\" src=\"http:\/\/www.martech.qc.ca\/wp-content\/uploads\/2016\/02\/CONTACT_C.jpg\" alt=\"Contactez-nous pour une soumission gratuite!\" width=\"560\" height=\"74\" srcset=\"https:\/\/www.martech.qc.ca\/index\/wp-content\/uploads\/2016\/02\/CONTACT_C.jpg 560w, https:\/\/www.martech.qc.ca\/index\/wp-content\/uploads\/2016\/02\/CONTACT_C-300x40.jpg 300w\" sizes=\"(max-width: 560px) 100vw, 560px\" \/><\/a><\/p>\n<\/div>\n","protected":false},"featured_media":67931,"comment_status":"closed","ping_status":"closed","template":"","meta":{"_acf_changed":false},"product_cat":[44],"product_tag":[],"acf":[],"_links":{"self":[{"href":"https:\/\/www.martech.qc.ca\/index\/wp-json\/wp\/v2\/product\/67930"}],"collection":[{"href":"https:\/\/www.martech.qc.ca\/index\/wp-json\/wp\/v2\/product"}],"about":[{"href":"https:\/\/www.martech.qc.ca\/index\/wp-json\/wp\/v2\/types\/product"}],"replies":[{"embeddable":true,"href":"https:\/\/www.martech.qc.ca\/index\/wp-json\/wp\/v2\/comments?post=67930"}],"wp:featuredmedia":[{"embeddable":true,"href":"https:\/\/www.martech.qc.ca\/index\/wp-json\/wp\/v2\/media\/67931"}],"wp:attachment":[{"href":"https:\/\/www.martech.qc.ca\/index\/wp-json\/wp\/v2\/media?parent=67930"}],"wp:term":[{"taxonomy":"product_cat","embeddable":true,"href":"https:\/\/www.martech.qc.ca\/index\/wp-json\/wp\/v2\/product_cat?post=67930"},{"taxonomy":"product_tag","embeddable":true,"href":"https:\/\/www.martech.qc.ca\/index\/wp-json\/wp\/v2\/product_tag?post=67930"}],"curies":[{"name":"wp","href":"https:\/\/api.w.org\/{rel}","templated":true}]}}