{"id":67827,"date":"2016-03-16T12:40:00","date_gmt":"2016-03-16T12:40:00","guid":{"rendered":"http:\/\/www.martech.qc.ca\/index.php\/produit\/d-60-4\/"},"modified":"2017-03-01T20:54:25","modified_gmt":"2017-03-01T20:54:25","slug":"d-60-4","status":"publish","type":"product","link":"https:\/\/www.martech.qc.ca\/index\/produit\/d-60-4\/","title":{"rendered":"D-60-4"},"content":{"rendered":"<div class=\"desc_libelle\">\n<p>Le panneau \u00ab Pr\u00e9parez-vous \u00e0 arr\u00eater \u00bb (D-60-4) indique \u00e0 l\u2019avance la proximit\u00e9 d\u2019une zone o\u00f9 la circulation est congestionn\u00e9e. Il peut \u00eatre install\u00e9 aux endroits o\u00f9 se cr\u00e9ent de longues files d\u2019attente, comme \u00e0 l\u2019approche des traverses par bateau (\u00c0 PROXIMIT\u00c9 D&rsquo;UN D\u00c9BARCAD\u00c8RE) ou des sorties d\u2019autoroute \u00e0 (O\u00d9 LE REFOULEMENT EST CYCLIQUE) refoulement cyclique.<\/p>\n<p>Les feux jaunes clignotent lorsque les v\u00e9hicules circulent \u00e0 moins de 20 km\/h en milieu urbain et \u00e0 moins de 40 km\/h en milieu rural.<\/p>\n<p>Ce panneau se fabrique avec la pellicule de type XI fluorescent lorsque les dimensions sont 3500 x 3050.<\/p>\n<\/div>\n","protected":false},"excerpt":{"rendered":"<div class=\"desc_libelle\">\n<p>Le panneau \u00ab Pr\u00e9parez-vous \u00e0 arr\u00eater \u00bb (D-060-4) indique \u00e0 l\u2019avance la proximit\u00e9 d\u2019une zone o\u00f9 la circulation est congestionn\u00e9e. Il peut \u00eatre install\u00e9 aux endroits o\u00f9 se cr\u00e9ent de longues files d\u2019attente, comme \u00e0 l\u2019approche des traverses par bateau (\u00c0 PROXIMIT\u00c9 D&rsquo;UN D\u00c9BARCAD\u00c8RE) ou des sorties d\u2019autoroute \u00e0 (O\u00d9 LE REFOULEMENT EST CYCLIQUE) refoulement cyclique.<\/p>\n<p>Les feux jaunes clignotent lorsque les v\u00e9hicules circulent \u00e0 moins de 20 km\/h en milieu urbain et \u00e0 moins de 40 km\/h en milieu rural.<\/p>\n<p>Ce panneau se fabrique avec la pellicule de type XI fluorescent lorsque les dimensions sont 3500 x 3050.<\/p>\n<\/div>\n<div class=\"desc_libelle\"><a href=\"http:\/\/www.martech.qc.ca\/index.php\/contact\/\" rel=\"attachment wp-att-66946\"><img loading=\"lazy\" decoding=\"async\" class=\"alignnone wp-image-66946 size-full\" src=\"http:\/\/www.martech.qc.ca\/wp-content\/uploads\/2016\/02\/CONTACT_C.jpg\" alt=\"Contactez-nous pour une soumission gratuite!\" width=\"560\" height=\"74\" srcset=\"https:\/\/www.martech.qc.ca\/index\/wp-content\/uploads\/2016\/02\/CONTACT_C.jpg 560w, https:\/\/www.martech.qc.ca\/index\/wp-content\/uploads\/2016\/02\/CONTACT_C-300x40.jpg 300w\" sizes=\"(max-width: 560px) 100vw, 560px\" \/><\/a><\/div>\n","protected":false},"featured_media":67828,"comment_status":"closed","ping_status":"closed","template":"","meta":{"_acf_changed":false},"product_cat":[44],"product_tag":[],"acf":[],"_links":{"self":[{"href":"https:\/\/www.martech.qc.ca\/index\/wp-json\/wp\/v2\/product\/67827"}],"collection":[{"href":"https:\/\/www.martech.qc.ca\/index\/wp-json\/wp\/v2\/product"}],"about":[{"href":"https:\/\/www.martech.qc.ca\/index\/wp-json\/wp\/v2\/types\/product"}],"replies":[{"embeddable":true,"href":"https:\/\/www.martech.qc.ca\/index\/wp-json\/wp\/v2\/comments?post=67827"}],"wp:featuredmedia":[{"embeddable":true,"href":"https:\/\/www.martech.qc.ca\/index\/wp-json\/wp\/v2\/media\/67828"}],"wp:attachment":[{"href":"https:\/\/www.martech.qc.ca\/index\/wp-json\/wp\/v2\/media?parent=67827"}],"wp:term":[{"taxonomy":"product_cat","embeddable":true,"href":"https:\/\/www.martech.qc.ca\/index\/wp-json\/wp\/v2\/product_cat?post=67827"},{"taxonomy":"product_tag","embeddable":true,"href":"https:\/\/www.martech.qc.ca\/index\/wp-json\/wp\/v2\/product_tag?post=67827"}],"curies":[{"name":"wp","href":"https:\/\/api.w.org\/{rel}","templated":true}]}}