{"id":67825,"date":"2016-03-16T12:37:57","date_gmt":"2016-03-16T12:37:57","guid":{"rendered":"http:\/\/www.martech.qc.ca\/index.php\/produit\/d-60-3\/"},"modified":"2017-03-01T20:52:26","modified_gmt":"2017-03-01T20:52:26","slug":"d-60-3","status":"publish","type":"product","link":"https:\/\/www.martech.qc.ca\/index\/produit\/d-60-3\/","title":{"rendered":"D-60-3"},"content":{"rendered":"<div class=\"desc_libelle\">\n<p>Le panneau \u00ab Pr\u00e9parez-vous \u00e0 arr\u00eater \u00e0 un passage pour camions \u00bb (D-60-3) indique, \u00e0 l\u2019avance, la proximit\u00e9 d\u2019un passage pour camions o\u00f9 les distances de visibilit\u00e9 d\u2019arr\u00eat sont insuffisantes.<\/p>\n<\/div>\n","protected":false},"excerpt":{"rendered":"<div class=\"desc_libelle\">\n<p>Le panneau \u00ab Pr\u00e9parez-vous \u00e0 arr\u00eater \u00e0 un passage pour camions \u00bb (D-060-3) indique, \u00e0 l\u2019avance, la proximit\u00e9 d\u2019un passage pour camions o\u00f9 les distances de visibilit\u00e9 d\u2019arr\u00eat sont insuffisantes.<\/p>\n<\/div>\n<div class=\"desc_libelle\"><a href=\"http:\/\/www.martech.qc.ca\/index.php\/contact\/\" rel=\"attachment wp-att-66946\"><img loading=\"lazy\" decoding=\"async\" class=\"alignnone wp-image-66946 size-full\" src=\"http:\/\/www.martech.qc.ca\/wp-content\/uploads\/2016\/02\/CONTACT_C.jpg\" alt=\"Contactez-nous pour une soumission gratuite!\" width=\"560\" height=\"74\" srcset=\"https:\/\/www.martech.qc.ca\/index\/wp-content\/uploads\/2016\/02\/CONTACT_C.jpg 560w, https:\/\/www.martech.qc.ca\/index\/wp-content\/uploads\/2016\/02\/CONTACT_C-300x40.jpg 300w\" sizes=\"(max-width: 560px) 100vw, 560px\" \/><\/a><\/div>\n","protected":false},"featured_media":67826,"comment_status":"closed","ping_status":"closed","template":"","meta":{"_acf_changed":false},"product_cat":[44],"product_tag":[],"acf":[],"_links":{"self":[{"href":"https:\/\/www.martech.qc.ca\/index\/wp-json\/wp\/v2\/product\/67825"}],"collection":[{"href":"https:\/\/www.martech.qc.ca\/index\/wp-json\/wp\/v2\/product"}],"about":[{"href":"https:\/\/www.martech.qc.ca\/index\/wp-json\/wp\/v2\/types\/product"}],"replies":[{"embeddable":true,"href":"https:\/\/www.martech.qc.ca\/index\/wp-json\/wp\/v2\/comments?post=67825"}],"wp:featuredmedia":[{"embeddable":true,"href":"https:\/\/www.martech.qc.ca\/index\/wp-json\/wp\/v2\/media\/67826"}],"wp:attachment":[{"href":"https:\/\/www.martech.qc.ca\/index\/wp-json\/wp\/v2\/media?parent=67825"}],"wp:term":[{"taxonomy":"product_cat","embeddable":true,"href":"https:\/\/www.martech.qc.ca\/index\/wp-json\/wp\/v2\/product_cat?post=67825"},{"taxonomy":"product_tag","embeddable":true,"href":"https:\/\/www.martech.qc.ca\/index\/wp-json\/wp\/v2\/product_tag?post=67825"}],"curies":[{"name":"wp","href":"https:\/\/api.w.org\/{rel}","templated":true}]}}