{"id":67807,"date":"2016-03-16T12:19:06","date_gmt":"2016-03-16T12:19:06","guid":{"rendered":"http:\/\/www.martech.qc.ca\/index.php\/produit\/d-40-4\/"},"modified":"2017-03-01T20:44:49","modified_gmt":"2017-03-01T20:44:49","slug":"d-40-4","status":"publish","type":"product","link":"https:\/\/www.martech.qc.ca\/index\/produit\/d-40-4\/","title":{"rendered":"D-40-4"},"content":{"rendered":"<div class=\"desc_libelle\">\n<p>Les panneaux \u00ab Nouvelle signalisation \u00bb (D-40) indiquent un changement dans la r\u00e9gulation de la circulation \u00e0 un carrefour. Les panneaux D-40-3 \u00e0 D-40-5, indiquant le nombre de panneaux \u00ab Arr\u00eat \u00bb install\u00e9s \u00e0 l\u2019intersection, doivent \u00eatre install\u00e9s pendant un mois \u00e0 compter de la date du changement effectu\u00e9 dans la r\u00e9gulation de la circulation \u00e0 un carrefour. Ces panneaux doivent \u00eatre install\u00e9s sur toutes les approches du carrefour vis\u00e9 et \u00eatre accompagn\u00e9s du panonceau D-40-P-1.<\/p>\n<\/div>\n","protected":false},"excerpt":{"rendered":"<div class=\"desc_libelle\">Les panneaux \u00ab Nouvelle signalisation \u00bb (D-040) indiquent un changement dans la r\u00e9gulation de la circulation \u00e0 un carrefour. Les panneaux D-040-3 \u00e0 D-040-5, qui indiquent le nombre de panneaux \u00ab Arr\u00eat \u00bb install\u00e9s \u00e0 l\u2019intersection, doivent \u00eatre install\u00e9s pendant un mois \u00e0 compter de la date du changement effectu\u00e9 dans la r\u00e9gulation de la circulation \u00e0 un carrefour. Ces panneaux doivent \u00eatre install\u00e9s sur toutes les approches du carrefour vis\u00e9 et \u00eatre accompagn\u00e9s du panonceau D-040-P-1.<\/div>\n<div class=\"desc_libelle\"><a href=\"http:\/\/www.martech.qc.ca\/index.php\/contact\/\" rel=\"attachment wp-att-66946\"><img loading=\"lazy\" decoding=\"async\" class=\"alignnone wp-image-66946 size-full\" src=\"http:\/\/www.martech.qc.ca\/wp-content\/uploads\/2016\/02\/CONTACT_C.jpg\" alt=\"Contactez-nous pour une soumission gratuite!\" width=\"560\" height=\"74\" srcset=\"https:\/\/www.martech.qc.ca\/index\/wp-content\/uploads\/2016\/02\/CONTACT_C.jpg 560w, https:\/\/www.martech.qc.ca\/index\/wp-content\/uploads\/2016\/02\/CONTACT_C-300x40.jpg 300w\" sizes=\"(max-width: 560px) 100vw, 560px\" \/><\/a><\/div>\n","protected":false},"featured_media":67808,"comment_status":"closed","ping_status":"closed","template":"","meta":{"_acf_changed":false},"product_cat":[44],"product_tag":[],"acf":[],"_links":{"self":[{"href":"https:\/\/www.martech.qc.ca\/index\/wp-json\/wp\/v2\/product\/67807"}],"collection":[{"href":"https:\/\/www.martech.qc.ca\/index\/wp-json\/wp\/v2\/product"}],"about":[{"href":"https:\/\/www.martech.qc.ca\/index\/wp-json\/wp\/v2\/types\/product"}],"replies":[{"embeddable":true,"href":"https:\/\/www.martech.qc.ca\/index\/wp-json\/wp\/v2\/comments?post=67807"}],"wp:featuredmedia":[{"embeddable":true,"href":"https:\/\/www.martech.qc.ca\/index\/wp-json\/wp\/v2\/media\/67808"}],"wp:attachment":[{"href":"https:\/\/www.martech.qc.ca\/index\/wp-json\/wp\/v2\/media?parent=67807"}],"wp:term":[{"taxonomy":"product_cat","embeddable":true,"href":"https:\/\/www.martech.qc.ca\/index\/wp-json\/wp\/v2\/product_cat?post=67807"},{"taxonomy":"product_tag","embeddable":true,"href":"https:\/\/www.martech.qc.ca\/index\/wp-json\/wp\/v2\/product_tag?post=67807"}],"curies":[{"name":"wp","href":"https:\/\/api.w.org\/{rel}","templated":true}]}}