{"id":67796,"date":"2016-03-15T19:40:08","date_gmt":"2016-03-15T19:40:08","guid":{"rendered":"http:\/\/www.martech.qc.ca\/index.php\/produit\/d-40-1\/"},"modified":"2017-03-01T20:32:49","modified_gmt":"2017-03-01T20:32:49","slug":"d-40-1","status":"publish","type":"product","link":"https:\/\/www.martech.qc.ca\/index\/produit\/d-40-1\/","title":{"rendered":"D-40-1"},"content":{"rendered":"<div class=\"desc_libelle\">\n<p>Les panneaux \u00ab Nouvelle signalisation \u00bb (D-40) indiquent un changement dans la r\u00e9gulation de la circulation \u00e0 un carrefour ou la mise en vigueur d&rsquo;une nouvelle vitesse. Le panneau D-40-1 doit \u00eatre install\u00e9 au-dessous du panneau \u00ab Arr\u00eat \u00bb, pendant un mois pr\u00e9c\u00e9dant la date \u00e0 laquelle ce panneau doit \u00eatre enlev\u00e9.<\/p>\n<\/div>\n","protected":false},"excerpt":{"rendered":"<div class=\"desc_libelle\">Les panneaux \u00ab Nouvelle signalisation \u00bb (D-040) indiquent un changement dans la r\u00e9gulation de la circulation \u00e0 un carrefour ou la mise en vigueur d&rsquo;une nouvelle vitesse. Le panneau D-040-1 doit \u00eatre install\u00e9 au-dessous du panneau \u00ab Arr\u00eat \u00bb, pendant un mois pr\u00e9c\u00e9dant la date \u00e0 laquelle ce panneau doit \u00eatre enlev\u00e9.<\/div>\n<div class=\"desc_libelle\"><a href=\"http:\/\/www.martech.qc.ca\/index.php\/contact\/\" rel=\"attachment wp-att-66946\"><img loading=\"lazy\" decoding=\"async\" class=\"alignnone wp-image-66946 size-full\" src=\"http:\/\/www.martech.qc.ca\/wp-content\/uploads\/2016\/02\/CONTACT_C.jpg\" alt=\"Contactez-nous pour une soumission gratuite!\" width=\"560\" height=\"74\" srcset=\"https:\/\/www.martech.qc.ca\/index\/wp-content\/uploads\/2016\/02\/CONTACT_C.jpg 560w, https:\/\/www.martech.qc.ca\/index\/wp-content\/uploads\/2016\/02\/CONTACT_C-300x40.jpg 300w\" sizes=\"(max-width: 560px) 100vw, 560px\" \/><\/a><\/div>\n","protected":false},"featured_media":70797,"comment_status":"closed","ping_status":"closed","template":"","meta":{"_acf_changed":false},"product_cat":[44],"product_tag":[],"acf":[],"_links":{"self":[{"href":"https:\/\/www.martech.qc.ca\/index\/wp-json\/wp\/v2\/product\/67796"}],"collection":[{"href":"https:\/\/www.martech.qc.ca\/index\/wp-json\/wp\/v2\/product"}],"about":[{"href":"https:\/\/www.martech.qc.ca\/index\/wp-json\/wp\/v2\/types\/product"}],"replies":[{"embeddable":true,"href":"https:\/\/www.martech.qc.ca\/index\/wp-json\/wp\/v2\/comments?post=67796"}],"wp:featuredmedia":[{"embeddable":true,"href":"https:\/\/www.martech.qc.ca\/index\/wp-json\/wp\/v2\/media\/70797"}],"wp:attachment":[{"href":"https:\/\/www.martech.qc.ca\/index\/wp-json\/wp\/v2\/media?parent=67796"}],"wp:term":[{"taxonomy":"product_cat","embeddable":true,"href":"https:\/\/www.martech.qc.ca\/index\/wp-json\/wp\/v2\/product_cat?post=67796"},{"taxonomy":"product_tag","embeddable":true,"href":"https:\/\/www.martech.qc.ca\/index\/wp-json\/wp\/v2\/product_tag?post=67796"}],"curies":[{"name":"wp","href":"https:\/\/api.w.org\/{rel}","templated":true}]}}