{"id":67744,"date":"2016-03-14T20:13:04","date_gmt":"2016-03-14T20:13:04","guid":{"rendered":"http:\/\/www.martech.qc.ca\/index.php\/produit\/i-419-p\/"},"modified":"2017-02-14T19:48:07","modified_gmt":"2017-02-14T19:48:07","slug":"i-419-p","status":"publish","type":"product","link":"https:\/\/www.martech.qc.ca\/index\/produit\/i-419-p\/","title":{"rendered":"I-419-P"},"content":{"rendered":"<div class=\"desc_libelle\">\n<p>Les panneaux \u00ab Remorquage exclusif \u00bb (I-419) indiquent que le remorquage sur une section d&rsquo;un chemin public est r\u00e9glement\u00e9 et r\u00e9serv\u00e9 exclusivement au remorqueur dont le num\u00e9ro de t\u00e9l\u00e9phone figure sur le panonceau I-419-P.<\/p>\n<\/div>\n","protected":false},"excerpt":{"rendered":"<div class=\"desc_libelle\">Les panneaux \u00ab Remorquage exclusif \u00bb (I-419) indiquent que le remorquage sur une section d&rsquo;un chemin public est r\u00e9glement\u00e9 et r\u00e9serv\u00e9 exclusivement au remorqueur dont le num\u00e9ro de t\u00e9l\u00e9phone figure sur le panonceau I-419-P.<\/div>\n<div class=\"desc_libelle\"><a href=\"http:\/\/www.martech.qc.ca\/index.php\/contact\/\" rel=\"attachment wp-att-66946\"><img loading=\"lazy\" decoding=\"async\" class=\"alignnone wp-image-66946 size-full\" src=\"http:\/\/www.martech.qc.ca\/wp-content\/uploads\/2016\/02\/CONTACT_C.jpg\" alt=\"Contactez-nous pour une soumission gratuite!\" width=\"560\" height=\"74\" srcset=\"https:\/\/www.martech.qc.ca\/index\/wp-content\/uploads\/2016\/02\/CONTACT_C.jpg 560w, https:\/\/www.martech.qc.ca\/index\/wp-content\/uploads\/2016\/02\/CONTACT_C-300x40.jpg 300w\" sizes=\"(max-width: 560px) 100vw, 560px\" \/><\/a><\/div>\n","protected":false},"featured_media":67745,"comment_status":"closed","ping_status":"closed","template":"","meta":{"_acf_changed":false},"product_cat":[46],"product_tag":[],"acf":[],"_links":{"self":[{"href":"https:\/\/www.martech.qc.ca\/index\/wp-json\/wp\/v2\/product\/67744"}],"collection":[{"href":"https:\/\/www.martech.qc.ca\/index\/wp-json\/wp\/v2\/product"}],"about":[{"href":"https:\/\/www.martech.qc.ca\/index\/wp-json\/wp\/v2\/types\/product"}],"replies":[{"embeddable":true,"href":"https:\/\/www.martech.qc.ca\/index\/wp-json\/wp\/v2\/comments?post=67744"}],"wp:featuredmedia":[{"embeddable":true,"href":"https:\/\/www.martech.qc.ca\/index\/wp-json\/wp\/v2\/media\/67745"}],"wp:attachment":[{"href":"https:\/\/www.martech.qc.ca\/index\/wp-json\/wp\/v2\/media?parent=67744"}],"wp:term":[{"taxonomy":"product_cat","embeddable":true,"href":"https:\/\/www.martech.qc.ca\/index\/wp-json\/wp\/v2\/product_cat?post=67744"},{"taxonomy":"product_tag","embeddable":true,"href":"https:\/\/www.martech.qc.ca\/index\/wp-json\/wp\/v2\/product_tag?post=67744"}],"curies":[{"name":"wp","href":"https:\/\/api.w.org\/{rel}","templated":true}]}}