{"id":67742,"date":"2016-03-14T20:11:21","date_gmt":"2016-03-14T20:11:21","guid":{"rendered":"http:\/\/www.martech.qc.ca\/index.php\/produit\/i-418\/"},"modified":"2017-02-14T19:48:00","modified_gmt":"2017-02-14T19:48:00","slug":"i-418","status":"publish","type":"product","link":"https:\/\/www.martech.qc.ca\/index\/produit\/i-418\/","title":{"rendered":"I-418"},"content":{"rendered":"<div class=\"desc_libelle\">\n<p>Le panneau \u00ab Route sans services \u00bb (I-418) indique \u00e0 l\u2019usager de la route les distances le s\u00e9parant des deux prochaines stations d\u2019essence. Ce panneau doit \u00eatre install\u00e9 avant la derni\u00e8re station d&rsquo;essence lorsque la station suivante est \u00e0 plus de 100 km.<\/p>\n<\/div>\n","protected":false},"excerpt":{"rendered":"<div class=\"desc_libelle\">Le panneau \u00ab Route sans services \u00bb (I-418) indique \u00e0 l\u2019usager de la route les distances le s\u00e9parant des deux prochaines stations d\u2019essence. Ce panneau doit \u00eatre install\u00e9 avant la derni\u00e8re station d&rsquo;essence lorsque la station suivante est \u00e0 plus de 100 km.<\/div>\n<div class=\"desc_libelle\"><a href=\"http:\/\/www.martech.qc.ca\/index.php\/contact\/\" rel=\"attachment wp-att-66946\"><img loading=\"lazy\" decoding=\"async\" class=\"alignnone wp-image-66946 size-full\" src=\"http:\/\/www.martech.qc.ca\/wp-content\/uploads\/2016\/02\/CONTACT_C.jpg\" alt=\"Contactez-nous pour une soumission gratuite!\" width=\"560\" height=\"74\" srcset=\"https:\/\/www.martech.qc.ca\/index\/wp-content\/uploads\/2016\/02\/CONTACT_C.jpg 560w, https:\/\/www.martech.qc.ca\/index\/wp-content\/uploads\/2016\/02\/CONTACT_C-300x40.jpg 300w\" sizes=\"(max-width: 560px) 100vw, 560px\" \/><\/a><\/div>\n","protected":false},"featured_media":67743,"comment_status":"closed","ping_status":"closed","template":"","meta":{"_acf_changed":false},"product_cat":[46],"product_tag":[],"acf":[],"_links":{"self":[{"href":"https:\/\/www.martech.qc.ca\/index\/wp-json\/wp\/v2\/product\/67742"}],"collection":[{"href":"https:\/\/www.martech.qc.ca\/index\/wp-json\/wp\/v2\/product"}],"about":[{"href":"https:\/\/www.martech.qc.ca\/index\/wp-json\/wp\/v2\/types\/product"}],"replies":[{"embeddable":true,"href":"https:\/\/www.martech.qc.ca\/index\/wp-json\/wp\/v2\/comments?post=67742"}],"wp:featuredmedia":[{"embeddable":true,"href":"https:\/\/www.martech.qc.ca\/index\/wp-json\/wp\/v2\/media\/67743"}],"wp:attachment":[{"href":"https:\/\/www.martech.qc.ca\/index\/wp-json\/wp\/v2\/media?parent=67742"}],"wp:term":[{"taxonomy":"product_cat","embeddable":true,"href":"https:\/\/www.martech.qc.ca\/index\/wp-json\/wp\/v2\/product_cat?post=67742"},{"taxonomy":"product_tag","embeddable":true,"href":"https:\/\/www.martech.qc.ca\/index\/wp-json\/wp\/v2\/product_tag?post=67742"}],"curies":[{"name":"wp","href":"https:\/\/api.w.org\/{rel}","templated":true}]}}