{"id":67740,"date":"2016-03-14T20:09:50","date_gmt":"2016-03-14T20:09:50","guid":{"rendered":"http:\/\/www.martech.qc.ca\/index.php\/produit\/i-417-1\/"},"modified":"2017-02-14T19:47:49","modified_gmt":"2017-02-14T19:47:49","slug":"i-417-1","status":"publish","type":"product","link":"https:\/\/www.martech.qc.ca\/index\/produit\/i-417-1\/","title":{"rendered":"I-417-1"},"content":{"rendered":"<div class=\"desc_libelle\">\n<p>Le panneau \u00abVoie de d\u00e9passement\u00bb (I-417) indique qu\u2019une voie de circulation est am\u00e9nag\u00e9e en aval afin de permettre les d\u00e9passements<\/p>\n<\/div>\n","protected":false},"excerpt":{"rendered":"<div class=\"desc_libelle\">Le panneau \u00abVoie de d\u00e9passement\u00bb (I-417) indique qu\u2019une voie de circulation est am\u00e9nag\u00e9e en aval afin de permettre les d\u00e9passements<\/div>\n<div class=\"desc_libelle\"><a href=\"http:\/\/www.martech.qc.ca\/index.php\/contact\/\" rel=\"attachment wp-att-66946\"><img loading=\"lazy\" decoding=\"async\" class=\"alignnone wp-image-66946 size-full\" src=\"http:\/\/www.martech.qc.ca\/wp-content\/uploads\/2016\/02\/CONTACT_C.jpg\" alt=\"Contactez-nous pour une soumission gratuite!\" width=\"560\" height=\"74\" srcset=\"https:\/\/www.martech.qc.ca\/index\/wp-content\/uploads\/2016\/02\/CONTACT_C.jpg 560w, https:\/\/www.martech.qc.ca\/index\/wp-content\/uploads\/2016\/02\/CONTACT_C-300x40.jpg 300w\" sizes=\"(max-width: 560px) 100vw, 560px\" \/><\/a><\/div>\n","protected":false},"featured_media":67741,"comment_status":"closed","ping_status":"closed","template":"","meta":{"_acf_changed":false},"product_cat":[46],"product_tag":[],"acf":[],"_links":{"self":[{"href":"https:\/\/www.martech.qc.ca\/index\/wp-json\/wp\/v2\/product\/67740"}],"collection":[{"href":"https:\/\/www.martech.qc.ca\/index\/wp-json\/wp\/v2\/product"}],"about":[{"href":"https:\/\/www.martech.qc.ca\/index\/wp-json\/wp\/v2\/types\/product"}],"replies":[{"embeddable":true,"href":"https:\/\/www.martech.qc.ca\/index\/wp-json\/wp\/v2\/comments?post=67740"}],"wp:featuredmedia":[{"embeddable":true,"href":"https:\/\/www.martech.qc.ca\/index\/wp-json\/wp\/v2\/media\/67741"}],"wp:attachment":[{"href":"https:\/\/www.martech.qc.ca\/index\/wp-json\/wp\/v2\/media?parent=67740"}],"wp:term":[{"taxonomy":"product_cat","embeddable":true,"href":"https:\/\/www.martech.qc.ca\/index\/wp-json\/wp\/v2\/product_cat?post=67740"},{"taxonomy":"product_tag","embeddable":true,"href":"https:\/\/www.martech.qc.ca\/index\/wp-json\/wp\/v2\/product_tag?post=67740"}],"curies":[{"name":"wp","href":"https:\/\/api.w.org\/{rel}","templated":true}]}}