{"id":67624,"date":"2016-03-11T18:45:35","date_gmt":"2016-03-11T18:45:35","guid":{"rendered":"http:\/\/www.martech.qc.ca\/index.php\/produit\/i-320-p\/"},"modified":"2017-02-22T15:06:11","modified_gmt":"2017-02-22T15:06:11","slug":"i-320-p","status":"publish","type":"product","link":"https:\/\/www.martech.qc.ca\/index\/produit\/i-320-p\/","title":{"rendered":"I-320-P"},"content":{"rendered":"<div class=\"desc_libelle\">\n<p>Lorsque la traverse maritime est ferm\u00e9e pour une longue p\u00e9riode, le panonceau I-320-P doit \u00eatre appos\u00e9 sur la section inf\u00e9rieure de tous les panneaux I-320 indiquant le trajet jusqu&rsquo;\u00e0 la traverse.<\/p>\n<\/div>\n","protected":false},"excerpt":{"rendered":"<div class=\"desc_libelle\">Lorsque la traverse maritime est ferm\u00e9e pour une longue p\u00e9riode, le panonceau I-320-P doit \u00eatre appos\u00e9 sur la section inf\u00e9rieure de tous les panneaux I-320 indiquant le trajet jusqu&rsquo;\u00e0 la traverse.<\/div>\n<div class=\"desc_libelle\"><a href=\"http:\/\/www.martech.qc.ca\/index.php\/contact\/\" rel=\"attachment wp-att-66946\"><img loading=\"lazy\" decoding=\"async\" class=\"alignnone wp-image-66946 size-full\" src=\"http:\/\/www.martech.qc.ca\/wp-content\/uploads\/2016\/02\/CONTACT_C.jpg\" alt=\"Contactez-nous pour une soumission gratuite!\" width=\"560\" height=\"74\" srcset=\"https:\/\/www.martech.qc.ca\/index\/wp-content\/uploads\/2016\/02\/CONTACT_C.jpg 560w, https:\/\/www.martech.qc.ca\/index\/wp-content\/uploads\/2016\/02\/CONTACT_C-300x40.jpg 300w\" sizes=\"(max-width: 560px) 100vw, 560px\" \/><\/a><\/div>\n","protected":false},"featured_media":67625,"comment_status":"closed","ping_status":"closed","template":"","meta":{"_acf_changed":false},"product_cat":[46],"product_tag":[],"acf":[],"_links":{"self":[{"href":"https:\/\/www.martech.qc.ca\/index\/wp-json\/wp\/v2\/product\/67624"}],"collection":[{"href":"https:\/\/www.martech.qc.ca\/index\/wp-json\/wp\/v2\/product"}],"about":[{"href":"https:\/\/www.martech.qc.ca\/index\/wp-json\/wp\/v2\/types\/product"}],"replies":[{"embeddable":true,"href":"https:\/\/www.martech.qc.ca\/index\/wp-json\/wp\/v2\/comments?post=67624"}],"wp:featuredmedia":[{"embeddable":true,"href":"https:\/\/www.martech.qc.ca\/index\/wp-json\/wp\/v2\/media\/67625"}],"wp:attachment":[{"href":"https:\/\/www.martech.qc.ca\/index\/wp-json\/wp\/v2\/media?parent=67624"}],"wp:term":[{"taxonomy":"product_cat","embeddable":true,"href":"https:\/\/www.martech.qc.ca\/index\/wp-json\/wp\/v2\/product_cat?post=67624"},{"taxonomy":"product_tag","embeddable":true,"href":"https:\/\/www.martech.qc.ca\/index\/wp-json\/wp\/v2\/product_tag?post=67624"}],"curies":[{"name":"wp","href":"https:\/\/api.w.org\/{rel}","templated":true}]}}