{"id":67618,"date":"2016-03-11T18:38:05","date_gmt":"2016-03-11T18:38:05","guid":{"rendered":"http:\/\/www.martech.qc.ca\/index.php\/produit\/i-320-3\/"},"modified":"2017-02-22T15:06:31","modified_gmt":"2017-02-22T15:06:31","slug":"i-320-3","status":"publish","type":"product","link":"https:\/\/www.martech.qc.ca\/index\/produit\/i-320-3\/","title":{"rendered":"I-320-3"},"content":{"rendered":"<div class=\"desc_libelle\">\n<p>Les panneaux \u00abTraverse maritime\u00bb (I-320) indiquent la pr\u00e9sence d\u2019une traverse maritime pour les v\u00e9hicules. Les panneaux I-320-1, I-320-2 et I-320-3 sont form\u00e9s de trois sections dont les indications, s\u00e9par\u00e9es par des lignes blanches, sont inscrites dans l\u2019ordre suivant :<br \/>\n1- la silhouette du traversier;<br \/>\n2- les points de d\u00e9part et d\u2019arriv\u00e9e dutraversier;<br \/>\n3- la distance ou la direction pour atteindre la sortie de l\u2019autoroute ou la traverse maritime<\/p>\n<p>Ce panneau se fabrique avec la pellicule de type 3 lorsque la dimension est de 3000 X 3050<\/p>\n<\/div>\n","protected":false},"excerpt":{"rendered":"<div class=\"desc_libelle\">Les panneaux \u00abTraverse maritime\u00bb (I-320) indiquent la pr\u00e9sence d\u2019une traverse maritime pour les v\u00e9hicules. Les panneaux I-320-1, I-320-2 et I-320-3 sont form\u00e9s de trois sections dont les indications, s\u00e9par\u00e9es par des lignes blanches, sont inscrites dans l\u2019ordre suivant :<br \/>\n1- la silhouette du traversier;<br \/>\n2- les points de d\u00e9part et d\u2019arriv\u00e9e du traversier;<br \/>\n3- la distance ou la direction pour atteindre<br \/>\nla sortie de l\u2019autoroute ou la traverse<br \/>\nmaritime.<\/div>\n<div class=\"desc_libelle\"><a href=\"http:\/\/www.martech.qc.ca\/index.php\/contact\/\" rel=\"attachment wp-att-66946\"><img loading=\"lazy\" decoding=\"async\" class=\"alignnone wp-image-66946 size-full\" src=\"http:\/\/www.martech.qc.ca\/wp-content\/uploads\/2016\/02\/CONTACT_C.jpg\" alt=\"Contactez-nous pour une soumission gratuite!\" width=\"560\" height=\"74\" srcset=\"https:\/\/www.martech.qc.ca\/index\/wp-content\/uploads\/2016\/02\/CONTACT_C.jpg 560w, https:\/\/www.martech.qc.ca\/index\/wp-content\/uploads\/2016\/02\/CONTACT_C-300x40.jpg 300w\" sizes=\"(max-width: 560px) 100vw, 560px\" \/><\/a><\/div>\n","protected":false},"featured_media":67619,"comment_status":"closed","ping_status":"closed","template":"","meta":{"_acf_changed":false},"product_cat":[46],"product_tag":[],"acf":[],"_links":{"self":[{"href":"https:\/\/www.martech.qc.ca\/index\/wp-json\/wp\/v2\/product\/67618"}],"collection":[{"href":"https:\/\/www.martech.qc.ca\/index\/wp-json\/wp\/v2\/product"}],"about":[{"href":"https:\/\/www.martech.qc.ca\/index\/wp-json\/wp\/v2\/types\/product"}],"replies":[{"embeddable":true,"href":"https:\/\/www.martech.qc.ca\/index\/wp-json\/wp\/v2\/comments?post=67618"}],"wp:featuredmedia":[{"embeddable":true,"href":"https:\/\/www.martech.qc.ca\/index\/wp-json\/wp\/v2\/media\/67619"}],"wp:attachment":[{"href":"https:\/\/www.martech.qc.ca\/index\/wp-json\/wp\/v2\/media?parent=67618"}],"wp:term":[{"taxonomy":"product_cat","embeddable":true,"href":"https:\/\/www.martech.qc.ca\/index\/wp-json\/wp\/v2\/product_cat?post=67618"},{"taxonomy":"product_tag","embeddable":true,"href":"https:\/\/www.martech.qc.ca\/index\/wp-json\/wp\/v2\/product_tag?post=67618"}],"curies":[{"name":"wp","href":"https:\/\/api.w.org\/{rel}","templated":true}]}}