{"id":67511,"date":"2016-03-10T20:44:39","date_gmt":"2016-03-10T20:44:39","guid":{"rendered":"http:\/\/www.martech.qc.ca\/index.php\/produit\/p-250-3\/"},"modified":"2016-04-04T14:49:58","modified_gmt":"2016-04-04T14:49:58","slug":"p-250-3","status":"publish","type":"product","link":"https:\/\/www.martech.qc.ca\/index\/produit\/p-250-3\/","title":{"rendered":"P-250-3"},"content":{"rendered":"<div class=\"desc_libelle\">\n<p>Les panneaux \u00ab Voies r\u00e9serv\u00e9es \u00bb (P-250) indiquent qu\u2019une voie de circulation est r\u00e9serv\u00e9e \u00e0 certaines cat\u00e9gories d&rsquo;usagers. Les panneaux P-250-3 et P-250-6 indiquentla fin de la voie r\u00e9serv\u00e9e; l\u2019un ou l\u2019autre doit \u00eatre install\u00e9 \u00e0 l\u2019endroit o\u00f9 la voie r\u00e9serv\u00e9e se termine<\/p>\n<\/div>\n","protected":false},"excerpt":{"rendered":"<div class=\"desc_libelle\">Les panneaux \u00ab Voies r\u00e9serv\u00e9es \u00bb (P-250) indiquent qu\u2019une voie de circulation est r\u00e9serv\u00e9e \u00e0 certaines cat\u00e9gories d&rsquo;usagers. Les panneaux P-250-3 et P-250-6 indiquentla fin de la voie r\u00e9serv\u00e9e; l\u2019un ou l\u2019autre doit \u00eatre install\u00e9 \u00e0 l\u2019endroit o\u00f9 la voie r\u00e9serv\u00e9e se termine<\/div>\n<div class=\"desc_libelle\"><a href=\"http:\/\/www.martech.qc.ca\/index.php\/contact\/\" rel=\"attachment wp-att-66946\"><img loading=\"lazy\" decoding=\"async\" class=\"alignnone wp-image-66946 size-full\" src=\"http:\/\/www.martech.qc.ca\/wp-content\/uploads\/2016\/02\/CONTACT_C.jpg\" alt=\"Contactez-nous pour une soumission gratuite!\" width=\"560\" height=\"74\" srcset=\"https:\/\/www.martech.qc.ca\/index\/wp-content\/uploads\/2016\/02\/CONTACT_C.jpg 560w, https:\/\/www.martech.qc.ca\/index\/wp-content\/uploads\/2016\/02\/CONTACT_C-300x40.jpg 300w\" sizes=\"(max-width: 560px) 100vw, 560px\" \/><\/a><\/div>\n","protected":false},"featured_media":67512,"comment_status":"closed","ping_status":"closed","template":"","meta":{"_acf_changed":false},"product_cat":[32],"product_tag":[],"acf":[],"_links":{"self":[{"href":"https:\/\/www.martech.qc.ca\/index\/wp-json\/wp\/v2\/product\/67511"}],"collection":[{"href":"https:\/\/www.martech.qc.ca\/index\/wp-json\/wp\/v2\/product"}],"about":[{"href":"https:\/\/www.martech.qc.ca\/index\/wp-json\/wp\/v2\/types\/product"}],"replies":[{"embeddable":true,"href":"https:\/\/www.martech.qc.ca\/index\/wp-json\/wp\/v2\/comments?post=67511"}],"wp:featuredmedia":[{"embeddable":true,"href":"https:\/\/www.martech.qc.ca\/index\/wp-json\/wp\/v2\/media\/67512"}],"wp:attachment":[{"href":"https:\/\/www.martech.qc.ca\/index\/wp-json\/wp\/v2\/media?parent=67511"}],"wp:term":[{"taxonomy":"product_cat","embeddable":true,"href":"https:\/\/www.martech.qc.ca\/index\/wp-json\/wp\/v2\/product_cat?post=67511"},{"taxonomy":"product_tag","embeddable":true,"href":"https:\/\/www.martech.qc.ca\/index\/wp-json\/wp\/v2\/product_tag?post=67511"}],"curies":[{"name":"wp","href":"https:\/\/api.w.org\/{rel}","templated":true}]}}