{"id":67502,"date":"2016-03-10T20:24:33","date_gmt":"2016-03-10T20:24:33","guid":{"rendered":"http:\/\/www.martech.qc.ca\/index.php\/produit\/p-240-4\/"},"modified":"2016-04-04T14:49:21","modified_gmt":"2016-04-04T14:49:21","slug":"p-240-4","status":"publish","type":"product","link":"https:\/\/www.martech.qc.ca\/index\/produit\/p-240-4\/","title":{"rendered":"P-240-4"},"content":{"rendered":"<div class=\"desc_libelle\">\n<p>Le panneau P-240-4 indique la pr\u00e9sence d\u2019une balance dynamique associ\u00e9e \u00e0 un syst\u00e8me de gestion informatis\u00e9 de pr\u00e9s\u00e9lection des v\u00e9hicules. Les conducteurs des v\u00e9hicules vis\u00e9s doivent alors circuler en tout temps dans<br \/>\nla voie de droite aussit\u00f4t qu\u2019ils aper\u00e7oivent ce panneau afin que leur v\u00e9hicule soit pes\u00e9, mesur\u00e9 et photographi\u00e9.<\/p>\n<\/div>\n","protected":false},"excerpt":{"rendered":"<div class=\"desc_libelle\">Le panneau P-240-4 indique la pr\u00e9sence d\u2019une balance dynamique associ\u00e9e \u00e0 un syst\u00e8me de gestion informatis\u00e9 de pr\u00e9s\u00e9lection des v\u00e9hicules. Les conducteurs des v\u00e9hicules vis\u00e9s doivent alors circuler en tout temps dans<br \/>\nla voie de droite aussit\u00f4t qu\u2019ils aper\u00e7oivent ce panneau afin que leur v\u00e9hicule soit pes\u00e9, mesur\u00e9 et photographi\u00e9.<\/div>\n<div class=\"desc_libelle\"><a href=\"http:\/\/www.martech.qc.ca\/index.php\/contact\/\" rel=\"attachment wp-att-66946\"><img loading=\"lazy\" decoding=\"async\" class=\"alignnone wp-image-66946 size-full\" src=\"http:\/\/www.martech.qc.ca\/wp-content\/uploads\/2016\/02\/CONTACT_C.jpg\" alt=\"Contactez-nous pour une soumission gratuite!\" width=\"560\" height=\"74\" srcset=\"https:\/\/www.martech.qc.ca\/index\/wp-content\/uploads\/2016\/02\/CONTACT_C.jpg 560w, https:\/\/www.martech.qc.ca\/index\/wp-content\/uploads\/2016\/02\/CONTACT_C-300x40.jpg 300w\" sizes=\"(max-width: 560px) 100vw, 560px\" \/><\/a><\/div>\n","protected":false},"featured_media":67503,"comment_status":"closed","ping_status":"closed","template":"","meta":{"_acf_changed":false},"product_cat":[32],"product_tag":[],"acf":[],"_links":{"self":[{"href":"https:\/\/www.martech.qc.ca\/index\/wp-json\/wp\/v2\/product\/67502"}],"collection":[{"href":"https:\/\/www.martech.qc.ca\/index\/wp-json\/wp\/v2\/product"}],"about":[{"href":"https:\/\/www.martech.qc.ca\/index\/wp-json\/wp\/v2\/types\/product"}],"replies":[{"embeddable":true,"href":"https:\/\/www.martech.qc.ca\/index\/wp-json\/wp\/v2\/comments?post=67502"}],"wp:featuredmedia":[{"embeddable":true,"href":"https:\/\/www.martech.qc.ca\/index\/wp-json\/wp\/v2\/media\/67503"}],"wp:attachment":[{"href":"https:\/\/www.martech.qc.ca\/index\/wp-json\/wp\/v2\/media?parent=67502"}],"wp:term":[{"taxonomy":"product_cat","embeddable":true,"href":"https:\/\/www.martech.qc.ca\/index\/wp-json\/wp\/v2\/product_cat?post=67502"},{"taxonomy":"product_tag","embeddable":true,"href":"https:\/\/www.martech.qc.ca\/index\/wp-json\/wp\/v2\/product_tag?post=67502"}],"curies":[{"name":"wp","href":"https:\/\/api.w.org\/{rel}","templated":true}]}}