{"id":67489,"date":"2016-03-10T19:24:15","date_gmt":"2016-03-10T19:24:15","guid":{"rendered":"http:\/\/www.martech.qc.ca\/index.php\/produit\/p-240-2\/"},"modified":"2016-04-04T14:48:42","modified_gmt":"2016-04-04T14:48:42","slug":"p-240-2","status":"publish","type":"product","link":"https:\/\/www.martech.qc.ca\/index\/produit\/p-240-2\/","title":{"rendered":"P-240-2"},"content":{"rendered":"<div class=\"desc_libelle\">\n<p>Le panneau \u00ab Postes et aires de contr\u00f4le routier \u00bb (P-240-2) indique la pr\u00e9sence d\u2019un site de contr\u00f4le routier o\u00f9 les conducteurs de camions, d\u00e9panneuses, v\u00e9hicules-outils et v\u00e9hicules dont la remorque ou la semi-remorque a plus de 10 m de longueur peuvent \u00eatre contraints de conduire leur v\u00e9hicule pour y effectuer les v\u00e9rifications exigibles. Toutefois, ce panneau ne vise pas les ensembles de v\u00e9hicules routiers dont tous les v\u00e9hicules le formant ont un poids nominal brut de moins de 4500 kg ou les v\u00e9hicules routiers utilis\u00e9s \u00e0 des fins r\u00e9cr\u00e9atives.<\/p>\n<p>L\u2019obligation faite aux conducteurs de conduire leur v\u00e9hicule au site de contr\u00f4le routier ne s\u2019applique que lorsque les feux clignotants du panneau P-240-2 sont en fonction ou lorsqu\u2019un agent leur en fait signe.<\/p>\n<\/div>\n","protected":false},"excerpt":{"rendered":"<div class=\"desc_libelle\">Le panneau \u00ab Postes et aires de contr\u00f4le routier \u00bb (P-240-2) indique la pr\u00e9sence d\u2019un site de contr\u00f4le routier o\u00f9 les conducteurs de camions, d\u00e9panneuses, v\u00e9hicules-outils et v\u00e9hicules dont la remorque ou la semi-remorque a plus de 10 m de longueur peuvent \u00eatre contraints de conduire leur v\u00e9hicule pour y effectuer les v\u00e9rifications exigibles. Toutefois, ce panneau ne vise pas les ensembles de v\u00e9hicules routiers dont tous les v\u00e9hicules le formant ont un poids nominal brut de moins de 4500 kg ou les v\u00e9hicules routiers utilis\u00e9s \u00e0 des fins r\u00e9cr\u00e9atives.<\/p>\n<p>L\u2019obligation faite aux conducteurs de conduire leur v\u00e9hicule au site de contr\u00f4le routier ne s\u2019applique que lorsque les feux clignotants du panneau P-240-2 sont en fonction ou lorsqu\u2019un agent leur en fait signe.<\/p><\/div>\n<div class=\"desc_libelle\"><a href=\"http:\/\/www.martech.qc.ca\/index.php\/contact\/\" rel=\"attachment wp-att-66946\"><img loading=\"lazy\" decoding=\"async\" class=\"alignnone wp-image-66946 size-full\" src=\"http:\/\/www.martech.qc.ca\/wp-content\/uploads\/2016\/02\/CONTACT_C.jpg\" alt=\"Contactez-nous pour une soumission gratuite!\" width=\"560\" height=\"74\" srcset=\"https:\/\/www.martech.qc.ca\/index\/wp-content\/uploads\/2016\/02\/CONTACT_C.jpg 560w, https:\/\/www.martech.qc.ca\/index\/wp-content\/uploads\/2016\/02\/CONTACT_C-300x40.jpg 300w\" sizes=\"(max-width: 560px) 100vw, 560px\" \/><\/a><\/div>\n","protected":false},"featured_media":67491,"comment_status":"closed","ping_status":"closed","template":"","meta":{"_acf_changed":false},"product_cat":[32],"product_tag":[],"acf":[],"_links":{"self":[{"href":"https:\/\/www.martech.qc.ca\/index\/wp-json\/wp\/v2\/product\/67489"}],"collection":[{"href":"https:\/\/www.martech.qc.ca\/index\/wp-json\/wp\/v2\/product"}],"about":[{"href":"https:\/\/www.martech.qc.ca\/index\/wp-json\/wp\/v2\/types\/product"}],"replies":[{"embeddable":true,"href":"https:\/\/www.martech.qc.ca\/index\/wp-json\/wp\/v2\/comments?post=67489"}],"wp:featuredmedia":[{"embeddable":true,"href":"https:\/\/www.martech.qc.ca\/index\/wp-json\/wp\/v2\/media\/67491"}],"wp:attachment":[{"href":"https:\/\/www.martech.qc.ca\/index\/wp-json\/wp\/v2\/media?parent=67489"}],"wp:term":[{"taxonomy":"product_cat","embeddable":true,"href":"https:\/\/www.martech.qc.ca\/index\/wp-json\/wp\/v2\/product_cat?post=67489"},{"taxonomy":"product_tag","embeddable":true,"href":"https:\/\/www.martech.qc.ca\/index\/wp-json\/wp\/v2\/product_tag?post=67489"}],"curies":[{"name":"wp","href":"https:\/\/api.w.org\/{rel}","templated":true}]}}