{"id":67487,"date":"2016-03-10T19:19:36","date_gmt":"2016-03-10T19:19:36","guid":{"rendered":"http:\/\/www.martech.qc.ca\/index.php\/produit\/p-240-1\/"},"modified":"2016-04-04T14:48:36","modified_gmt":"2016-04-04T14:48:36","slug":"p-240-1","status":"publish","type":"product","link":"https:\/\/www.martech.qc.ca\/index\/produit\/p-240-1\/","title":{"rendered":"P-240-1"},"content":{"rendered":"<div class=\"desc_libelle\">Les panneaux \u00abPostes et aires de contr\u00f4le routier\u00bb (P-240-1 et P-240-2) indiquent la pr\u00e9sence d\u2019un site de contr\u00f4le o\u00f9 les conducteurs de camions, d\u00e9panneuses, v\u00e9hicules de transport d\u2019\u00e9quipement, v\u00e9hicules-outils et v\u00e9hicules dont la remorque ou la semi-remorque a plus de 10 m de longueur peuvent \u00eatre contraints de conduire le v\u00e9hicule pour y effectuer les v\u00e9rifications exigibles.<\/div>\n","protected":false},"excerpt":{"rendered":"<div class=\"desc_libelle\">Les panneaux \u00abPostes et aires de contr\u00f4le routier\u00bb (P-240-1 et P-240-2) indiquent la pr\u00e9sence d\u2019un site de contr\u00f4le o\u00f9 les conducteurs de camions, d\u00e9panneuses, v\u00e9hicules de transport d\u2019\u00e9quipement, v\u00e9hicules-outils et v\u00e9hicules dont la remorque ou la semi-remorque a plus de 10 m de longueur peuvent \u00eatre contraints de conduire le v\u00e9hicule pour y effectuer les v\u00e9rifications exigibles.<\/div>\n<div class=\"desc_libelle\"><a href=\"http:\/\/www.martech.qc.ca\/index.php\/contact\/\" rel=\"attachment wp-att-66946\"><img loading=\"lazy\" decoding=\"async\" class=\"alignnone wp-image-66946 size-full\" src=\"http:\/\/www.martech.qc.ca\/wp-content\/uploads\/2016\/02\/CONTACT_C.jpg\" alt=\"Contactez-nous pour une soumission gratuite!\" width=\"560\" height=\"74\" srcset=\"https:\/\/www.martech.qc.ca\/index\/wp-content\/uploads\/2016\/02\/CONTACT_C.jpg 560w, https:\/\/www.martech.qc.ca\/index\/wp-content\/uploads\/2016\/02\/CONTACT_C-300x40.jpg 300w\" sizes=\"(max-width: 560px) 100vw, 560px\" \/><\/a><\/div>\n","protected":false},"featured_media":67488,"comment_status":"closed","ping_status":"closed","template":"","meta":{"_acf_changed":false},"product_cat":[32],"product_tag":[],"acf":[],"_links":{"self":[{"href":"https:\/\/www.martech.qc.ca\/index\/wp-json\/wp\/v2\/product\/67487"}],"collection":[{"href":"https:\/\/www.martech.qc.ca\/index\/wp-json\/wp\/v2\/product"}],"about":[{"href":"https:\/\/www.martech.qc.ca\/index\/wp-json\/wp\/v2\/types\/product"}],"replies":[{"embeddable":true,"href":"https:\/\/www.martech.qc.ca\/index\/wp-json\/wp\/v2\/comments?post=67487"}],"wp:featuredmedia":[{"embeddable":true,"href":"https:\/\/www.martech.qc.ca\/index\/wp-json\/wp\/v2\/media\/67488"}],"wp:attachment":[{"href":"https:\/\/www.martech.qc.ca\/index\/wp-json\/wp\/v2\/media?parent=67487"}],"wp:term":[{"taxonomy":"product_cat","embeddable":true,"href":"https:\/\/www.martech.qc.ca\/index\/wp-json\/wp\/v2\/product_cat?post=67487"},{"taxonomy":"product_tag","embeddable":true,"href":"https:\/\/www.martech.qc.ca\/index\/wp-json\/wp\/v2\/product_tag?post=67487"}],"curies":[{"name":"wp","href":"https:\/\/api.w.org\/{rel}","templated":true}]}}