{"id":67476,"date":"2016-03-10T18:33:46","date_gmt":"2016-03-10T18:33:46","guid":{"rendered":"http:\/\/www.martech.qc.ca\/index.php\/produit\/p-240-p-8-d\/"},"modified":"2016-04-04T14:48:16","modified_gmt":"2016-04-04T14:48:16","slug":"p-240-p-8-d","status":"publish","type":"product","link":"https:\/\/www.martech.qc.ca\/index\/produit\/p-240-p-8-d\/","title":{"rendered":"P-240-P-8-D"},"content":{"rendered":"<div class=\"desc_libelle\">Les panonceaux de direction pour prescription (P-240-P) sont install\u00e9s \u00e0 l&rsquo;endroit m\u00eame o\u00f9 d\u00e9bute la prescription ou \u00e0 une certaine distance de celui-ci. Les panonceaux P-240-P-6 \u00e0 P-240-P-8 indiquent la direction \u00e0 suivre et la distance \u00e0 parcourir pour atteindre le d\u00e9but de la prescription.<br \/>\nIls sont utilis\u00e9s lorsque la prescription \u00e0 atteindre est situ\u00e9e \u00e0 1 km et plus de l\u2019endroit o\u00f9 est install\u00e9 le panneau.<\/div>\n","protected":false},"excerpt":{"rendered":"<div class=\"desc_libelle\">Les panonceaux de direction pour prescription (P-240-P) sont install\u00e9s \u00e0 l&rsquo;endroit m\u00eame o\u00f9 d\u00e9bute la prescription ou \u00e0 une certaine distance de celui-ci. Les panonceaux P-240-P-1 \u00e0 P-240-P-5 et P-240-P-9 indiquent, aux conducteurs de v\u00e9hicules vis\u00e9s par les panneaux de prescription<br \/>\nauxquels ils sont associ\u00e9s, la direction d\u2019un trajet \u00e0 suivre<\/div>\n<div class=\"desc_libelle\"><a href=\"http:\/\/www.martech.qc.ca\/index.php\/contact\/\" rel=\"attachment wp-att-66946\"><img loading=\"lazy\" decoding=\"async\" class=\"alignnone wp-image-66946 size-full\" src=\"http:\/\/www.martech.qc.ca\/wp-content\/uploads\/2016\/02\/CONTACT_C.jpg\" alt=\"Contactez-nous pour une soumission gratuite!\" width=\"560\" height=\"74\" srcset=\"https:\/\/www.martech.qc.ca\/index\/wp-content\/uploads\/2016\/02\/CONTACT_C.jpg 560w, https:\/\/www.martech.qc.ca\/index\/wp-content\/uploads\/2016\/02\/CONTACT_C-300x40.jpg 300w\" sizes=\"(max-width: 560px) 100vw, 560px\" \/><\/a><\/div>\n","protected":false},"featured_media":67477,"comment_status":"closed","ping_status":"closed","template":"","meta":{"_acf_changed":false},"product_cat":[32],"product_tag":[],"acf":[],"_links":{"self":[{"href":"https:\/\/www.martech.qc.ca\/index\/wp-json\/wp\/v2\/product\/67476"}],"collection":[{"href":"https:\/\/www.martech.qc.ca\/index\/wp-json\/wp\/v2\/product"}],"about":[{"href":"https:\/\/www.martech.qc.ca\/index\/wp-json\/wp\/v2\/types\/product"}],"replies":[{"embeddable":true,"href":"https:\/\/www.martech.qc.ca\/index\/wp-json\/wp\/v2\/comments?post=67476"}],"wp:featuredmedia":[{"embeddable":true,"href":"https:\/\/www.martech.qc.ca\/index\/wp-json\/wp\/v2\/media\/67477"}],"wp:attachment":[{"href":"https:\/\/www.martech.qc.ca\/index\/wp-json\/wp\/v2\/media?parent=67476"}],"wp:term":[{"taxonomy":"product_cat","embeddable":true,"href":"https:\/\/www.martech.qc.ca\/index\/wp-json\/wp\/v2\/product_cat?post=67476"},{"taxonomy":"product_tag","embeddable":true,"href":"https:\/\/www.martech.qc.ca\/index\/wp-json\/wp\/v2\/product_tag?post=67476"}],"curies":[{"name":"wp","href":"https:\/\/api.w.org\/{rel}","templated":true}]}}