{"id":67461,"date":"2016-03-10T18:12:27","date_gmt":"2016-03-10T18:12:27","guid":{"rendered":"http:\/\/www.martech.qc.ca\/index.php\/produit\/p-240-p-3-g-d-2\/"},"modified":"2016-04-04T14:47:32","modified_gmt":"2016-04-04T14:47:32","slug":"p-240-p-3-g-d-2","status":"publish","type":"product","link":"https:\/\/www.martech.qc.ca\/index\/produit\/p-240-p-3-g-d-2\/","title":{"rendered":"P-240-P-3-G-D"},"content":{"rendered":"<div class=\"desc_libelle\">Les panonceaux de direction pour prescription (P-240-P) sont install\u00e9s \u00e0 l&rsquo;endroit m\u00eame o\u00f9 d\u00e9bute la prescription ou \u00e0 une certaine distance de celui-ci. Les panonceaux P-240-P-1 \u00e0 P-240-P-5 et P-240-P-9 indiquent, aux conducteurs de v\u00e9hicules vis\u00e9s par les panneaux de prescription<br \/>\nauxquels ils sont associ\u00e9s, la direction d\u2019un trajet \u00e0 suivre<\/div>\n","protected":false},"excerpt":{"rendered":"<div class=\"desc_libelle\">Les panonceaux de direction pour prescription (P-240-P) sont install\u00e9s \u00e0 l&rsquo;endroit m\u00eame o\u00f9 d\u00e9bute la prescription ou \u00e0 une certaine distance de celui-ci. Les panonceaux P-240-P-1 \u00e0 P-240-P-5 et P-240-P-9 indiquent, aux conducteurs de v\u00e9hicules vis\u00e9s par les panneaux de prescription<br \/>\nauxquels ils sont associ\u00e9s, la direction d\u2019un trajet \u00e0 suivre<\/div>\n<div class=\"desc_libelle\"><a href=\"http:\/\/www.martech.qc.ca\/index.php\/contact\/\" rel=\"attachment wp-att-66946\"><img loading=\"lazy\" decoding=\"async\" class=\"alignnone wp-image-66946 size-full\" src=\"http:\/\/www.martech.qc.ca\/wp-content\/uploads\/2016\/02\/CONTACT_C.jpg\" alt=\"Contactez-nous pour une soumission gratuite!\" width=\"560\" height=\"74\" srcset=\"https:\/\/www.martech.qc.ca\/index\/wp-content\/uploads\/2016\/02\/CONTACT_C.jpg 560w, https:\/\/www.martech.qc.ca\/index\/wp-content\/uploads\/2016\/02\/CONTACT_C-300x40.jpg 300w\" sizes=\"(max-width: 560px) 100vw, 560px\" \/><\/a><\/div>\n","protected":false},"featured_media":67459,"comment_status":"closed","ping_status":"closed","template":"","meta":{"_acf_changed":false},"product_cat":[32],"product_tag":[],"acf":[],"_links":{"self":[{"href":"https:\/\/www.martech.qc.ca\/index\/wp-json\/wp\/v2\/product\/67461"}],"collection":[{"href":"https:\/\/www.martech.qc.ca\/index\/wp-json\/wp\/v2\/product"}],"about":[{"href":"https:\/\/www.martech.qc.ca\/index\/wp-json\/wp\/v2\/types\/product"}],"replies":[{"embeddable":true,"href":"https:\/\/www.martech.qc.ca\/index\/wp-json\/wp\/v2\/comments?post=67461"}],"wp:featuredmedia":[{"embeddable":true,"href":"https:\/\/www.martech.qc.ca\/index\/wp-json\/wp\/v2\/media\/67459"}],"wp:attachment":[{"href":"https:\/\/www.martech.qc.ca\/index\/wp-json\/wp\/v2\/media?parent=67461"}],"wp:term":[{"taxonomy":"product_cat","embeddable":true,"href":"https:\/\/www.martech.qc.ca\/index\/wp-json\/wp\/v2\/product_cat?post=67461"},{"taxonomy":"product_tag","embeddable":true,"href":"https:\/\/www.martech.qc.ca\/index\/wp-json\/wp\/v2\/product_tag?post=67461"}],"curies":[{"name":"wp","href":"https:\/\/api.w.org\/{rel}","templated":true}]}}