{"id":67445,"date":"2016-03-09T21:09:45","date_gmt":"2016-03-09T21:09:45","guid":{"rendered":"http:\/\/www.martech.qc.ca\/index.php\/produit\/p-231-3\/"},"modified":"2016-04-04T14:46:19","modified_gmt":"2016-04-04T14:46:19","slug":"p-231-3","status":"publish","type":"product","link":"https:\/\/www.martech.qc.ca\/index\/produit\/p-231-3\/","title":{"rendered":"P-231-3"},"content":{"rendered":"<div class=\"desc_libelle\">Le panneau P-231-3 peut \u00eatre install\u00e9 dans l\u2019aire de v\u00e9rification des freins pour indiquer clairement aux conducteurs l\u2019ensemble des v\u00e9rifications qui doivent \u00eatre effectu\u00e9es aux syst\u00e8mes de freinage du v\u00e9hicule.<\/div>\n","protected":false},"excerpt":{"rendered":"<div class=\"desc_libelle\">Le panneau P-231-3 peut \u00eatre install\u00e9 dans l\u2019aire de v\u00e9rification des freins pour indiquer clairement aux conducteurs l\u2019ensemble des v\u00e9rifications qui doivent \u00eatre effectu\u00e9es aux syst\u00e8mes de freinage du v\u00e9hicule.<\/div>\n<div class=\"desc_libelle\"><a href=\"http:\/\/www.martech.qc.ca\/index.php\/contact\/\" rel=\"attachment wp-att-66946\"><img loading=\"lazy\" decoding=\"async\" class=\"alignnone wp-image-66946 size-full\" src=\"http:\/\/www.martech.qc.ca\/wp-content\/uploads\/2016\/02\/CONTACT_C.jpg\" alt=\"Contactez-nous pour une soumission gratuite!\" width=\"560\" height=\"74\" srcset=\"https:\/\/www.martech.qc.ca\/index\/wp-content\/uploads\/2016\/02\/CONTACT_C.jpg 560w, https:\/\/www.martech.qc.ca\/index\/wp-content\/uploads\/2016\/02\/CONTACT_C-300x40.jpg 300w\" sizes=\"(max-width: 560px) 100vw, 560px\" \/><\/a><\/div>\n","protected":false},"featured_media":67446,"comment_status":"closed","ping_status":"closed","template":"","meta":{"_acf_changed":false},"product_cat":[32],"product_tag":[],"acf":[],"_links":{"self":[{"href":"https:\/\/www.martech.qc.ca\/index\/wp-json\/wp\/v2\/product\/67445"}],"collection":[{"href":"https:\/\/www.martech.qc.ca\/index\/wp-json\/wp\/v2\/product"}],"about":[{"href":"https:\/\/www.martech.qc.ca\/index\/wp-json\/wp\/v2\/types\/product"}],"replies":[{"embeddable":true,"href":"https:\/\/www.martech.qc.ca\/index\/wp-json\/wp\/v2\/comments?post=67445"}],"wp:featuredmedia":[{"embeddable":true,"href":"https:\/\/www.martech.qc.ca\/index\/wp-json\/wp\/v2\/media\/67446"}],"wp:attachment":[{"href":"https:\/\/www.martech.qc.ca\/index\/wp-json\/wp\/v2\/media?parent=67445"}],"wp:term":[{"taxonomy":"product_cat","embeddable":true,"href":"https:\/\/www.martech.qc.ca\/index\/wp-json\/wp\/v2\/product_cat?post=67445"},{"taxonomy":"product_tag","embeddable":true,"href":"https:\/\/www.martech.qc.ca\/index\/wp-json\/wp\/v2\/product_tag?post=67445"}],"curies":[{"name":"wp","href":"https:\/\/api.w.org\/{rel}","templated":true}]}}