{"id":67444,"date":"2016-03-09T21:06:27","date_gmt":"2016-03-09T21:06:27","guid":{"rendered":"http:\/\/www.martech.qc.ca\/index.php\/produit\/p-231-1\/"},"modified":"2016-04-04T14:46:08","modified_gmt":"2016-04-04T14:46:08","slug":"p-231-1","status":"publish","type":"product","link":"https:\/\/www.martech.qc.ca\/index\/produit\/p-231-1\/","title":{"rendered":"P-231-1"},"content":{"rendered":"<div class=\"desc_libelle\">Le panneau \u00ab V\u00e9rification des freins \u00bb (P-231-1) indique au conducteur d\u2019un v\u00e9hicule routier ou d\u2019un ensemble de v\u00e9hicules routiers dont la masse totale en charge est d\u2019au moins 3000 kg de v\u00e9rifier lui-m\u00eame l\u2019\u00e9tat des freins de son v\u00e9hicule en effectuant un arr\u00eat \u00e0 l\u2019endroit indiqu\u00e9 par un panneau \u00ab Arr\u00eat \u00bb.<\/div>\n","protected":false},"excerpt":{"rendered":"<div class=\"desc_libelle\">Le panneau \u00ab V\u00e9rification des freins \u00bb (P-231-1) indique au conducteur d\u2019un v\u00e9hicule routier ou d\u2019un ensemble de v\u00e9hicules routiers dont la masse totale en charge est d\u2019au moins 3000 kg de v\u00e9rifier lui-m\u00eame l\u2019\u00e9tat des freins de son v\u00e9hicule en effectuant un arr\u00eat \u00e0 l\u2019endroit indiqu\u00e9 par un panneau \u00ab Arr\u00eat \u00bb.<\/div>\n<div class=\"desc_libelle\"><a href=\"http:\/\/www.martech.qc.ca\/index.php\/contact\/\" rel=\"attachment wp-att-66946\"><img loading=\"lazy\" decoding=\"async\" class=\"alignnone wp-image-66946 size-full\" src=\"http:\/\/www.martech.qc.ca\/wp-content\/uploads\/2016\/02\/CONTACT_C.jpg\" alt=\"Contactez-nous pour une soumission gratuite!\" width=\"560\" height=\"74\" srcset=\"https:\/\/www.martech.qc.ca\/index\/wp-content\/uploads\/2016\/02\/CONTACT_C.jpg 560w, https:\/\/www.martech.qc.ca\/index\/wp-content\/uploads\/2016\/02\/CONTACT_C-300x40.jpg 300w\" sizes=\"(max-width: 560px) 100vw, 560px\" \/><\/a><\/div>\n","protected":false},"featured_media":67441,"comment_status":"closed","ping_status":"closed","template":"","meta":{"_acf_changed":false},"product_cat":[32],"product_tag":[],"acf":[],"_links":{"self":[{"href":"https:\/\/www.martech.qc.ca\/index\/wp-json\/wp\/v2\/product\/67444"}],"collection":[{"href":"https:\/\/www.martech.qc.ca\/index\/wp-json\/wp\/v2\/product"}],"about":[{"href":"https:\/\/www.martech.qc.ca\/index\/wp-json\/wp\/v2\/types\/product"}],"replies":[{"embeddable":true,"href":"https:\/\/www.martech.qc.ca\/index\/wp-json\/wp\/v2\/comments?post=67444"}],"wp:featuredmedia":[{"embeddable":true,"href":"https:\/\/www.martech.qc.ca\/index\/wp-json\/wp\/v2\/media\/67441"}],"wp:attachment":[{"href":"https:\/\/www.martech.qc.ca\/index\/wp-json\/wp\/v2\/media?parent=67444"}],"wp:term":[{"taxonomy":"product_cat","embeddable":true,"href":"https:\/\/www.martech.qc.ca\/index\/wp-json\/wp\/v2\/product_cat?post=67444"},{"taxonomy":"product_tag","embeddable":true,"href":"https:\/\/www.martech.qc.ca\/index\/wp-json\/wp\/v2\/product_tag?post=67444"}],"curies":[{"name":"wp","href":"https:\/\/api.w.org\/{rel}","templated":true}]}}