{"id":67434,"date":"2016-03-09T20:45:12","date_gmt":"2016-03-09T20:45:12","guid":{"rendered":"http:\/\/www.martech.qc.ca\/index.php\/produit\/p-200-10\/"},"modified":"2016-04-04T14:46:01","modified_gmt":"2016-04-04T14:46:01","slug":"p-200-10","status":"publish","type":"product","link":"https:\/\/www.martech.qc.ca\/index\/produit\/p-200-10\/","title":{"rendered":"P-225"},"content":{"rendered":"<div class=\"desc_libelle\">Le panneau \u00ab Trajet obligatoire pour voie de d\u00e9passement ascendante \u00bb (P-225) indique aux conducteurs le trajet qu\u2019ils doivent emprunter pour circuler dans la voie auxiliaire qui a \u00e9t\u00e9 am\u00e9nag\u00e9e pour permettre les d\u00e9passements sur une route ascendante.<\/div>\n","protected":false},"excerpt":{"rendered":"<div class=\"desc_libelle\">Le panneau \u00ab Trajet obligatoire pour voie de d\u00e9passement ascendante \u00bb (P-225) indique aux conducteurs le trajet qu\u2019ils doivent emprunter pour circuler dans la voie auxiliaire qui a \u00e9t\u00e9 am\u00e9nag\u00e9e pour permettre les d\u00e9passements sur une route ascendante.<\/div>\n<div class=\"desc_libelle\"><a href=\"http:\/\/www.martech.qc.ca\/index.php\/contact\/\" rel=\"attachment wp-att-66946\"><img loading=\"lazy\" decoding=\"async\" class=\"alignnone wp-image-66946 size-full\" src=\"http:\/\/www.martech.qc.ca\/wp-content\/uploads\/2016\/02\/CONTACT_C.jpg\" alt=\"Contactez-nous pour une soumission gratuite!\" width=\"560\" height=\"74\" srcset=\"https:\/\/www.martech.qc.ca\/index\/wp-content\/uploads\/2016\/02\/CONTACT_C.jpg 560w, https:\/\/www.martech.qc.ca\/index\/wp-content\/uploads\/2016\/02\/CONTACT_C-300x40.jpg 300w\" sizes=\"(max-width: 560px) 100vw, 560px\" \/><\/a><\/div>\n","protected":false},"featured_media":67436,"comment_status":"closed","ping_status":"closed","template":"","meta":{"_acf_changed":false},"product_cat":[32],"product_tag":[],"acf":[],"_links":{"self":[{"href":"https:\/\/www.martech.qc.ca\/index\/wp-json\/wp\/v2\/product\/67434"}],"collection":[{"href":"https:\/\/www.martech.qc.ca\/index\/wp-json\/wp\/v2\/product"}],"about":[{"href":"https:\/\/www.martech.qc.ca\/index\/wp-json\/wp\/v2\/types\/product"}],"replies":[{"embeddable":true,"href":"https:\/\/www.martech.qc.ca\/index\/wp-json\/wp\/v2\/comments?post=67434"}],"wp:featuredmedia":[{"embeddable":true,"href":"https:\/\/www.martech.qc.ca\/index\/wp-json\/wp\/v2\/media\/67436"}],"wp:attachment":[{"href":"https:\/\/www.martech.qc.ca\/index\/wp-json\/wp\/v2\/media?parent=67434"}],"wp:term":[{"taxonomy":"product_cat","embeddable":true,"href":"https:\/\/www.martech.qc.ca\/index\/wp-json\/wp\/v2\/product_cat?post=67434"},{"taxonomy":"product_tag","embeddable":true,"href":"https:\/\/www.martech.qc.ca\/index\/wp-json\/wp\/v2\/product_tag?post=67434"}],"curies":[{"name":"wp","href":"https:\/\/api.w.org\/{rel}","templated":true}]}}