{"id":67415,"date":"2016-03-08T15:09:07","date_gmt":"2016-03-08T15:09:07","guid":{"rendered":"http:\/\/wp.martech.ca\/index.php\/produit\/p-195\/"},"modified":"2016-04-04T14:45:16","modified_gmt":"2016-04-04T14:45:16","slug":"p-195","status":"publish","type":"product","link":"https:\/\/www.martech.qc.ca\/index\/produit\/p-195\/","title":{"rendered":"P-195"},"content":{"rendered":"<div class=\"desc_libelle\"><strong><span id=\"ctl00_cphContenu_FicheDetails_lblDescription\">Description<\/span><\/strong><\/div>\n<div class=\"desc_libelle\">Le panneau \u00abLimitation de poids aux charges l\u00e9gales\u00bb (P-195) indique aux conducteurs de camions dont la masse exc\u00e8de les limites de charge pr\u00e9vues au R\u00e8glement sur les normes de charges et de dimensions applicables aux v\u00e9hicules routiers et aux ensembles de v\u00e9hicules routiers qu\u2019il leur est interdit de circuler sur certains ponts ou viaducs, sauf si le conducteur d\u2019un tel v\u00e9hicule y est express\u00e9ment autoris\u00e9 par un permis sp\u00e9cial de circulation, d\u00e9livr\u00e9 en vertu de l\u2019article 463 ou 633 du Code de la s\u00e9curit\u00e9 routi\u00e8re. Ce panneau vise \u00e9galement le v\u00e9hicule-outil et le v\u00e9hicule de transport d\u2019\u00e9quipement.<\/div>\n","protected":false},"excerpt":{"rendered":"<div class=\"desc_libelle\"><strong><span id=\"ctl00_cphContenu_FicheDetails_lblDescription\">Description<\/span><\/strong><\/div>\n<div class=\"desc_libelle\">Le panneau \u00abLimitation de poids aux charges l\u00e9gales\u00bb (P-195) indique aux conducteurs de camions dont la masse exc\u00e8de les limites de charge pr\u00e9vues au R\u00e8glement sur les normes de charges et de dimensions applicables aux v\u00e9hicules routiers et aux ensembles de v\u00e9hicules routiers qu\u2019il leur est interdit de circuler sur certains ponts ou viaducs, sauf si le conducteur d\u2019un tel v\u00e9hicule y est express\u00e9ment autoris\u00e9 par un permis sp\u00e9cial de circulation, d\u00e9livr\u00e9 en vertu de l\u2019article 463 ou 633 du Code de la s\u00e9curit\u00e9 routi\u00e8re. Ce panneau vise \u00e9galement le v\u00e9hicule-outil et le v\u00e9hicule de transport d\u2019\u00e9quipement.<\/div>\n<div class=\"desc_libelle\"><\/div>\n<div class=\"desc_libelle\"><a href=\"http:\/\/www.martech.qc.ca\/index.php\/contact\/\" rel=\"attachment wp-att-66946\"><img loading=\"lazy\" decoding=\"async\" class=\"alignnone wp-image-66946 size-full\" src=\"http:\/\/www.martech.qc.ca\/wp-content\/uploads\/2016\/02\/CONTACT_C.jpg\" alt=\"Contactez-nous pour une soumission gratuite!\" width=\"560\" height=\"74\" srcset=\"https:\/\/www.martech.qc.ca\/index\/wp-content\/uploads\/2016\/02\/CONTACT_C.jpg 560w, https:\/\/www.martech.qc.ca\/index\/wp-content\/uploads\/2016\/02\/CONTACT_C-300x40.jpg 300w\" sizes=\"(max-width: 560px) 100vw, 560px\" \/><\/a><\/div>\n","protected":false},"featured_media":67416,"comment_status":"closed","ping_status":"closed","template":"","meta":{"_acf_changed":false},"product_cat":[32],"product_tag":[],"acf":[],"_links":{"self":[{"href":"https:\/\/www.martech.qc.ca\/index\/wp-json\/wp\/v2\/product\/67415"}],"collection":[{"href":"https:\/\/www.martech.qc.ca\/index\/wp-json\/wp\/v2\/product"}],"about":[{"href":"https:\/\/www.martech.qc.ca\/index\/wp-json\/wp\/v2\/types\/product"}],"replies":[{"embeddable":true,"href":"https:\/\/www.martech.qc.ca\/index\/wp-json\/wp\/v2\/comments?post=67415"}],"wp:featuredmedia":[{"embeddable":true,"href":"https:\/\/www.martech.qc.ca\/index\/wp-json\/wp\/v2\/media\/67416"}],"wp:attachment":[{"href":"https:\/\/www.martech.qc.ca\/index\/wp-json\/wp\/v2\/media?parent=67415"}],"wp:term":[{"taxonomy":"product_cat","embeddable":true,"href":"https:\/\/www.martech.qc.ca\/index\/wp-json\/wp\/v2\/product_cat?post=67415"},{"taxonomy":"product_tag","embeddable":true,"href":"https:\/\/www.martech.qc.ca\/index\/wp-json\/wp\/v2\/product_tag?post=67415"}],"curies":[{"name":"wp","href":"https:\/\/api.w.org\/{rel}","templated":true}]}}