{"id":67414,"date":"2016-03-08T15:08:03","date_gmt":"2016-03-08T15:08:03","guid":{"rendered":"http:\/\/wp.martech.ca\/index.php\/produit\/p-180-2-2\/"},"modified":"2016-04-04T14:45:05","modified_gmt":"2016-04-04T14:45:05","slug":"p-180-2-2","status":"publish","type":"product","link":"https:\/\/www.martech.qc.ca\/index\/produit\/p-180-2-2\/","title":{"rendered":"P-180-2"},"content":{"rendered":"<div class=\"desc_libelle\"><strong><span id=\"ctl00_cphContenu_FicheDetails_lblDescription\">Description<\/span><\/strong><\/div>\n<div class=\"desc_libelle\">Les panneaux \u00ab Exemption d\u2019arr\u00eat \u00e0 un passage \u00e0 niveau \u00bb (P-180) rappellent aux conducteurs de v\u00e9hicules qui ont l\u2019obligation d\u2019arr\u00eater \u00e0 un passage \u00e0 niveau en vertu de l\u2019article 413 du Code de la s\u00e9curit\u00e9 routi\u00e8re<br \/>\n(L.R.Q., c. C-24.2) qu\u2019ils ne sont pas tenus d\u2019arr\u00eater au passage \u00e0 niveau vis\u00e9 par ces panneaux.<\/div>\n","protected":false},"excerpt":{"rendered":"<div class=\"desc_libelle\"><strong><span id=\"ctl00_cphContenu_FicheDetails_lblDescription\">Description<\/span><\/strong><\/div>\n<div class=\"desc_libelle\">Les panneaux \u00ab Exemption d\u2019arr\u00eat \u00e0 un passage \u00e0 niveau \u00bb (P-180) rappellent aux conducteurs de v\u00e9hicules qui ont l\u2019obligation d\u2019arr\u00eater \u00e0 un passage \u00e0 niveau en vertu de l\u2019article 413 du Code de la s\u00e9curit\u00e9 routi\u00e8re<br \/>\n(L.R.Q., c. C-24.2) qu\u2019ils ne sont pas tenus d\u2019arr\u00eater au passage \u00e0 niveau vis\u00e9 par ces panneaux.<\/div>\n<div class=\"desc_libelle\"><\/div>\n<div class=\"desc_libelle\"><a href=\"http:\/\/www.martech.qc.ca\/index.php\/contact\/\" rel=\"attachment wp-att-66946\"><img loading=\"lazy\" decoding=\"async\" class=\"alignnone wp-image-66946 size-full\" src=\"http:\/\/www.martech.qc.ca\/wp-content\/uploads\/2016\/02\/CONTACT_C.jpg\" alt=\"Contactez-nous pour une soumission gratuite!\" width=\"560\" height=\"74\" srcset=\"https:\/\/www.martech.qc.ca\/index\/wp-content\/uploads\/2016\/02\/CONTACT_C.jpg 560w, https:\/\/www.martech.qc.ca\/index\/wp-content\/uploads\/2016\/02\/CONTACT_C-300x40.jpg 300w\" sizes=\"(max-width: 560px) 100vw, 560px\" \/><\/a><\/div>\n","protected":false},"featured_media":67411,"comment_status":"closed","ping_status":"closed","template":"","meta":{"_acf_changed":false},"product_cat":[32],"product_tag":[],"acf":[],"_links":{"self":[{"href":"https:\/\/www.martech.qc.ca\/index\/wp-json\/wp\/v2\/product\/67414"}],"collection":[{"href":"https:\/\/www.martech.qc.ca\/index\/wp-json\/wp\/v2\/product"}],"about":[{"href":"https:\/\/www.martech.qc.ca\/index\/wp-json\/wp\/v2\/types\/product"}],"replies":[{"embeddable":true,"href":"https:\/\/www.martech.qc.ca\/index\/wp-json\/wp\/v2\/comments?post=67414"}],"wp:featuredmedia":[{"embeddable":true,"href":"https:\/\/www.martech.qc.ca\/index\/wp-json\/wp\/v2\/media\/67411"}],"wp:attachment":[{"href":"https:\/\/www.martech.qc.ca\/index\/wp-json\/wp\/v2\/media?parent=67414"}],"wp:term":[{"taxonomy":"product_cat","embeddable":true,"href":"https:\/\/www.martech.qc.ca\/index\/wp-json\/wp\/v2\/product_cat?post=67414"},{"taxonomy":"product_tag","embeddable":true,"href":"https:\/\/www.martech.qc.ca\/index\/wp-json\/wp\/v2\/product_tag?post=67414"}],"curies":[{"name":"wp","href":"https:\/\/api.w.org\/{rel}","templated":true}]}}