{"id":67394,"date":"2016-03-07T16:39:40","date_gmt":"2016-03-07T16:39:40","guid":{"rendered":"http:\/\/wp.martech.ca\/index.php\/produit\/p-18\/"},"modified":"2016-04-04T14:43:43","modified_gmt":"2016-04-04T14:43:43","slug":"p-18","status":"publish","type":"product","link":"https:\/\/www.martech.qc.ca\/index\/produit\/p-18\/","title":{"rendered":"P-18"},"content":{"rendered":"<div class=\"desc_libelle\"><strong><span id=\"ctl00_cphContenu_FicheDetails_lblDescription\">Description<\/span><\/strong><\/div>\n<div class=\"desc_libelle\"><\/div>\n<div class=\"desc_libelle\">Les panneaux \u00abStationnement r\u00e9serv\u00e9 aux v\u00e9hicules d&rsquo;urgence\u00bb (P-18) indiquent les endroits o\u00f9 le stationnement est interdit, except\u00e9 pour les v\u00e9hicules d&rsquo;urgence.<\/div>\n<div class=\"desc_libelle\"><\/div>\n","protected":false},"excerpt":{"rendered":"<div class=\"desc_libelle\"><strong><span id=\"ctl00_cphContenu_FicheDetails_lblDescription\">Description<\/span><\/strong><\/div>\n<div class=\"desc_libelle\">Les panneaux \u00abStationnement r\u00e9serv\u00e9 aux v\u00e9hicules d&rsquo;urgence\u00bb (P-18) indiquent les endroits o\u00f9 le stationnement est interdit, except\u00e9 pour les v\u00e9hicules d&rsquo;urgence.<\/div>\n<p><a href=\"http:\/\/www.martech.qc.ca\/index.php\/contact\/\" rel=\"attachment wp-att-66946\"><img loading=\"lazy\" decoding=\"async\" class=\"alignnone wp-image-66946 size-full\" src=\"http:\/\/www.martech.qc.ca\/wp-content\/uploads\/2016\/02\/CONTACT_C.jpg\" alt=\"Contactez-nous pour une soumission gratuite!\" width=\"560\" height=\"74\" srcset=\"https:\/\/www.martech.qc.ca\/index\/wp-content\/uploads\/2016\/02\/CONTACT_C.jpg 560w, https:\/\/www.martech.qc.ca\/index\/wp-content\/uploads\/2016\/02\/CONTACT_C-300x40.jpg 300w\" sizes=\"(max-width: 560px) 100vw, 560px\" \/><\/a><\/p>\n","protected":false},"featured_media":67395,"comment_status":"closed","ping_status":"closed","template":"","meta":{"_acf_changed":false},"product_cat":[32],"product_tag":[],"acf":[],"_links":{"self":[{"href":"https:\/\/www.martech.qc.ca\/index\/wp-json\/wp\/v2\/product\/67394"}],"collection":[{"href":"https:\/\/www.martech.qc.ca\/index\/wp-json\/wp\/v2\/product"}],"about":[{"href":"https:\/\/www.martech.qc.ca\/index\/wp-json\/wp\/v2\/types\/product"}],"replies":[{"embeddable":true,"href":"https:\/\/www.martech.qc.ca\/index\/wp-json\/wp\/v2\/comments?post=67394"}],"wp:featuredmedia":[{"embeddable":true,"href":"https:\/\/www.martech.qc.ca\/index\/wp-json\/wp\/v2\/media\/67395"}],"wp:attachment":[{"href":"https:\/\/www.martech.qc.ca\/index\/wp-json\/wp\/v2\/media?parent=67394"}],"wp:term":[{"taxonomy":"product_cat","embeddable":true,"href":"https:\/\/www.martech.qc.ca\/index\/wp-json\/wp\/v2\/product_cat?post=67394"},{"taxonomy":"product_tag","embeddable":true,"href":"https:\/\/www.martech.qc.ca\/index\/wp-json\/wp\/v2\/product_tag?post=67394"}],"curies":[{"name":"wp","href":"https:\/\/api.w.org\/{rel}","templated":true}]}}