{"id":67268,"date":"2016-03-03T20:34:35","date_gmt":"2016-03-03T20:34:35","guid":{"rendered":"http:\/\/wp.martech.ca\/index.php\/produit\/p-130-20\/"},"modified":"2016-04-04T14:26:01","modified_gmt":"2016-04-04T14:26:01","slug":"p-130-20","status":"publish","type":"product","link":"https:\/\/www.martech.qc.ca\/index\/produit\/p-130-20\/","title":{"rendered":"P-130-20"},"content":{"rendered":"<p>Les panneaux \u00abAcc\u00e8s interdit aux camions\u00bb (P-130-1, P-130-15 \u00e0 P-130-20 et P-130-25 \u00e0 P-130-27) indiquent un acc\u00e8s interdit aux camionneurs. Les panneaux P-130-15 \u00e0 P-130-19, P-130-25 et P-130-27 indiquent aux conducteurs qu\u2019il leur est interdit de circuler sur un chemin public lorsque la charge, la longueur, la largeur ou le nombre d\u2019essieux de leur v\u00e9hicule d\u00e9passe les limites maximales de charge, de longueur, de largeur ou de nombre d\u2019essieux autoris\u00e9es sur ce chemin public. Pour permettre aux camions de circuler sur ces chemins publics afin d\u2019effectuer une livraison locale, les panneaux P-130-15, P-130-16 et P-130-19 sont utilis\u00e9s.<\/p>\n","protected":false},"excerpt":{"rendered":"<p>Les panneaux \u00abAcc\u00e8s interdit aux camions\u00bb (P-130-1, P-130-15 \u00e0 P-130-20 et P-130-25 \u00e0 P-130-27) indiquent un acc\u00e8s interdit aux camionneurs. Les panneaux P-130-15 \u00e0 P-130-19, P-130-25 et P-130-27 indiquent aux conducteurs qu\u2019il leur est interdit de circuler sur un chemin public lorsque la charge, la longueur, la largeur ou le nombre d\u2019essieux de leur v\u00e9hicule d\u00e9passe les limites maximales de charge, de longueur, de largeur ou de nombre d\u2019essieux autoris\u00e9es sur ce chemin public. Pour permettre aux camions de circuler sur ces chemins publics afin d\u2019effectuer une livraison locale, les panneaux P-130-15, P-130-16 et P-130-19 sont utilis\u00e9s.<\/p>\n<p><a href=\"http:\/\/www.martech.qc.ca\/index.php\/contact\/\" rel=\"attachment wp-att-66946\"><img loading=\"lazy\" decoding=\"async\" class=\"alignnone wp-image-66946 size-full\" src=\"http:\/\/www.martech.qc.ca\/wp-content\/uploads\/2016\/02\/CONTACT_C.jpg\" alt=\"Contactez-nous pour une soumission gratuite!\" width=\"560\" height=\"74\" srcset=\"https:\/\/www.martech.qc.ca\/index\/wp-content\/uploads\/2016\/02\/CONTACT_C.jpg 560w, https:\/\/www.martech.qc.ca\/index\/wp-content\/uploads\/2016\/02\/CONTACT_C-300x40.jpg 300w\" sizes=\"(max-width: 560px) 100vw, 560px\" \/><\/a><\/p>\n","protected":false},"featured_media":67269,"comment_status":"closed","ping_status":"closed","template":"","meta":{"_acf_changed":false},"product_cat":[32],"product_tag":[],"acf":[],"_links":{"self":[{"href":"https:\/\/www.martech.qc.ca\/index\/wp-json\/wp\/v2\/product\/67268"}],"collection":[{"href":"https:\/\/www.martech.qc.ca\/index\/wp-json\/wp\/v2\/product"}],"about":[{"href":"https:\/\/www.martech.qc.ca\/index\/wp-json\/wp\/v2\/types\/product"}],"replies":[{"embeddable":true,"href":"https:\/\/www.martech.qc.ca\/index\/wp-json\/wp\/v2\/comments?post=67268"}],"wp:featuredmedia":[{"embeddable":true,"href":"https:\/\/www.martech.qc.ca\/index\/wp-json\/wp\/v2\/media\/67269"}],"wp:attachment":[{"href":"https:\/\/www.martech.qc.ca\/index\/wp-json\/wp\/v2\/media?parent=67268"}],"wp:term":[{"taxonomy":"product_cat","embeddable":true,"href":"https:\/\/www.martech.qc.ca\/index\/wp-json\/wp\/v2\/product_cat?post=67268"},{"taxonomy":"product_tag","embeddable":true,"href":"https:\/\/www.martech.qc.ca\/index\/wp-json\/wp\/v2\/product_tag?post=67268"}],"curies":[{"name":"wp","href":"https:\/\/api.w.org\/{rel}","templated":true}]}}