{"id":67217,"date":"2016-03-03T17:07:33","date_gmt":"2016-03-03T17:07:33","guid":{"rendered":"http:\/\/wp.martech.ca\/index.php\/produit\/p-120-12-g-d\/"},"modified":"2016-04-04T14:23:21","modified_gmt":"2016-04-04T14:23:21","slug":"p-120-12-g-d","status":"publish","type":"product","link":"https:\/\/www.martech.qc.ca\/index\/produit\/p-120-12-g-d\/","title":{"rendered":"P-120-12-G-D"},"content":{"rendered":"<p>Les panneaux P-120-12 \u00e0 P-120-14 indiquent aux conducteurs de v\u00e9hicules circulant en transit de suivre le sens indiqu\u00e9 par les fl\u00e8ches. Un v\u00e9hicule est en transit lorsqu\u2019il passe par un lieu o\u00f9 il n&rsquo;y a pas de livraison locale \u00e0 effectuer.<\/p>\n","protected":false},"excerpt":{"rendered":"<p>Les panneaux P-120-12 \u00e0 P-120-14 indiquent aux conducteurs de v\u00e9hicules circulant en transit de suivre le sens indiqu\u00e9 par les fl\u00e8ches. Un v\u00e9hicule est en transit lorsqu\u2019il passe par un lieu o\u00f9 il n&rsquo;y a pas de livraison locale \u00e0 effectuer.<\/p>\n<p><a href=\"http:\/\/www.martech.qc.ca\/index.php\/contact\/\" rel=\"attachment wp-att-66946\"><img loading=\"lazy\" decoding=\"async\" class=\"alignnone wp-image-66946 size-full\" src=\"http:\/\/www.martech.qc.ca\/wp-content\/uploads\/2016\/02\/CONTACT_C.jpg\" alt=\"Contactez-nous pour une soumission gratuite!\" width=\"560\" height=\"74\" srcset=\"https:\/\/www.martech.qc.ca\/index\/wp-content\/uploads\/2016\/02\/CONTACT_C.jpg 560w, https:\/\/www.martech.qc.ca\/index\/wp-content\/uploads\/2016\/02\/CONTACT_C-300x40.jpg 300w\" sizes=\"(max-width: 560px) 100vw, 560px\" \/><\/a><\/p>\n","protected":false},"featured_media":67218,"comment_status":"closed","ping_status":"closed","template":"","meta":{"_acf_changed":false},"product_cat":[32],"product_tag":[],"acf":[],"_links":{"self":[{"href":"https:\/\/www.martech.qc.ca\/index\/wp-json\/wp\/v2\/product\/67217"}],"collection":[{"href":"https:\/\/www.martech.qc.ca\/index\/wp-json\/wp\/v2\/product"}],"about":[{"href":"https:\/\/www.martech.qc.ca\/index\/wp-json\/wp\/v2\/types\/product"}],"replies":[{"embeddable":true,"href":"https:\/\/www.martech.qc.ca\/index\/wp-json\/wp\/v2\/comments?post=67217"}],"wp:featuredmedia":[{"embeddable":true,"href":"https:\/\/www.martech.qc.ca\/index\/wp-json\/wp\/v2\/media\/67218"}],"wp:attachment":[{"href":"https:\/\/www.martech.qc.ca\/index\/wp-json\/wp\/v2\/media?parent=67217"}],"wp:term":[{"taxonomy":"product_cat","embeddable":true,"href":"https:\/\/www.martech.qc.ca\/index\/wp-json\/wp\/v2\/product_cat?post=67217"},{"taxonomy":"product_tag","embeddable":true,"href":"https:\/\/www.martech.qc.ca\/index\/wp-json\/wp\/v2\/product_tag?post=67217"}],"curies":[{"name":"wp","href":"https:\/\/api.w.org\/{rel}","templated":true}]}}