{"id":67203,"date":"2016-03-03T16:42:34","date_gmt":"2016-03-03T16:42:34","guid":{"rendered":"http:\/\/wp.martech.ca\/index.php\/produit\/p-120-34\/"},"modified":"2016-04-04T15:07:19","modified_gmt":"2016-04-04T15:07:19","slug":"p-120-34","status":"publish","type":"product","link":"https:\/\/www.martech.qc.ca\/index\/produit\/p-120-34\/","title":{"rendered":"P-120-34"},"content":{"rendered":"<p>Les panneaux \u00ab Trajet obligatoire pour certaines cat\u00e9gories de v\u00e9hicules \u00bb (P-120)indiquent aux conducteurs de la cat\u00e9gorie de v\u00e9hicules illustr\u00e9e sur les panneaux P-120-1 \u00e0 P-120-3 et P-120-34 ainsi qu\u2019aux transporteurs de mati\u00e8res dangereuses (P-120-4)n\u00e9cessitant la fixation de plaques sur le v\u00e9hicule, suivant le R\u00e8glement sur le transport des mati\u00e8res dangereuses, les trajets qu\u2019ils doivent emprunter. Le panneau P-120-34 vise le conducteur d\u2019un v\u00e9hicule \u00e0 basse vitesse. Le symbole des v\u00e9hicules \u00e0 basse vitesse est repr\u00e9sent\u00e9 par les lettres VBV inscrites sur la silhouette d\u2019un v\u00e9hicule. Pour indiquer la direction du trajet \u00e0 suivre,les panneaux de trajet obligatoire P-120-1 \u00e0 P-120-4 et P-120-34 doivent \u00eatre compl\u00e9t\u00e9s par un panonceau de direction P-240-P-1 \u00e0 P-240-P-5 ou P-240-P-9.<\/p>\n","protected":false},"excerpt":{"rendered":"<p>Les panneaux \u00ab Trajet obligatoire pour certaines cat\u00e9gories de v\u00e9hicules \u00bb (P-120)indiquent aux conducteurs de la cat\u00e9gorie de v\u00e9hicules illustr\u00e9e sur les panneaux P-120-1 \u00e0 P-120-3 et P-120-34 ainsi qu\u2019aux transporteurs de mati\u00e8res dangereuses (P-120-4)n\u00e9cessitant la fixation de plaques sur le v\u00e9hicule, suivant le R\u00e8glement sur le transport des mati\u00e8res dangereuses, les trajets qu\u2019ils doivent emprunter. Le panneau P-120-34 vise le conducteur d\u2019un v\u00e9hicule \u00e0 basse vitesse. Le symbole des v\u00e9hicules \u00e0 basse vitesse est repr\u00e9sent\u00e9 par les lettres VBV inscrites sur la silhouette d\u2019un v\u00e9hicule. Pour indiquer la direction du trajet \u00e0 suivre,les panneaux de trajet obligatoire P-120-1 \u00e0 P-120-4 et P-120-34 doivent \u00eatre compl\u00e9t\u00e9s par un panonceau de direction P-240-P-1 \u00e0 P-240-P-5 ou P-240-P-9.<\/p>\n<p><a href=\"http:\/\/www.martech.qc.ca\/index.php\/contact\/\" rel=\"attachment wp-att-66946\"><img loading=\"lazy\" decoding=\"async\" class=\"alignnone wp-image-66946 size-full\" src=\"http:\/\/www.martech.qc.ca\/wp-content\/uploads\/2016\/02\/CONTACT_C.jpg\" alt=\"Contactez-nous pour une soumission gratuite!\" width=\"560\" height=\"74\" srcset=\"https:\/\/www.martech.qc.ca\/index\/wp-content\/uploads\/2016\/02\/CONTACT_C.jpg 560w, https:\/\/www.martech.qc.ca\/index\/wp-content\/uploads\/2016\/02\/CONTACT_C-300x40.jpg 300w\" sizes=\"(max-width: 560px) 100vw, 560px\" \/><\/a><\/p>\n","protected":false},"featured_media":67204,"comment_status":"closed","ping_status":"closed","template":"","meta":{"_acf_changed":false},"product_cat":[32],"product_tag":[],"acf":[],"_links":{"self":[{"href":"https:\/\/www.martech.qc.ca\/index\/wp-json\/wp\/v2\/product\/67203"}],"collection":[{"href":"https:\/\/www.martech.qc.ca\/index\/wp-json\/wp\/v2\/product"}],"about":[{"href":"https:\/\/www.martech.qc.ca\/index\/wp-json\/wp\/v2\/types\/product"}],"replies":[{"embeddable":true,"href":"https:\/\/www.martech.qc.ca\/index\/wp-json\/wp\/v2\/comments?post=67203"}],"wp:featuredmedia":[{"embeddable":true,"href":"https:\/\/www.martech.qc.ca\/index\/wp-json\/wp\/v2\/media\/67204"}],"wp:attachment":[{"href":"https:\/\/www.martech.qc.ca\/index\/wp-json\/wp\/v2\/media?parent=67203"}],"wp:term":[{"taxonomy":"product_cat","embeddable":true,"href":"https:\/\/www.martech.qc.ca\/index\/wp-json\/wp\/v2\/product_cat?post=67203"},{"taxonomy":"product_tag","embeddable":true,"href":"https:\/\/www.martech.qc.ca\/index\/wp-json\/wp\/v2\/product_tag?post=67203"}],"curies":[{"name":"wp","href":"https:\/\/api.w.org\/{rel}","templated":true}]}}